{"id":96,"date":"2016-02-12T07:16:41","date_gmt":"2016-02-12T07:16:41","guid":{"rendered":"http:\/\/jessejbanuelos.com\/?page_id=96"},"modified":"2017-12-29T07:12:11","modified_gmt":"2017-12-29T07:12:11","slug":"slip-and-fall-accident","status":"publish","type":"page","link":"https:\/\/jessejbanuelos.com\/es\/slip-and-fall-accident\/","title":{"rendered":"ACCIDENTE DE CA\u00cdDA"},"content":{"rendered":"<h2>Jesse J. Ba\u00f1uelos, Abogado de Los Angeles Para Accidentes de Resbaladas y Ca\u00eddas<\/h2>\n<div class=\"textblock\">\n<h3>LUCHADOR DE LOS DERECHOS DE V\u00cdCTIMAS DE ACCIDENTES DE RESBALADAS Y CA\u00cdDAS<\/h3>\n<p>Los due\u00f1os de propriedades tienen la obligaci\u00f3n de proporcionar un ambiente razonablemente seguro para las personas que visitan sus establecimientos en calidad de invitados, clientes, o residentes. Cuando existe alguna situaci\u00f3n de peligro en los establecimientos que pueda resultar en lesiones a otros, se espera que el propietario, gerente, u ocupante hara lo posible para remediar la situaci\u00f3n de manera oportuna y alertar a todos los visitantes del peligro. Si alguien se resbala, cae y se lesiona debido a la negligencia de mantenimiento de un establecimiento, el due\u00f1o de tal establecimiento puede ser legalmente responsable por los da\u00f1os y perjuicios sostenidos por la persona lesionada.<\/p>\n<\/div>\n<div class=\"textblock\">\n<p>Si Ud. result\u00f3 lesionado en un accidente de resbal\u00f3n y ca\u00edda que fue causado por la negligencia del due\u00f1o de una propiedad, es posible que tenga motivos para una demanda por sus lesiones. Nuestra oficina puede determinar si Ud. tiene un caso v\u00e1lido y puede presentar y gestionar su demanda por lesiones. Nuestra firma ha ayudado a innumerables clientes en la b\u00fasqueda y obtenci\u00f3n de da\u00f1os en casos de acciones negligentes u omisiones por parte de los dem\u00e1s.<\/p>\n<\/div>\n<div class=\"textblock\">\n<h3>ACCIDENTES DE RESBALADAS Y CA\u00cdDAS EN EL SUR DE CALIFORNIA<\/h3>\n<p>Un accidente de resbal\u00f3n y ca\u00edda puede ocurrir en cualquier establecimiento, ya sea una propiedad p\u00fablica o privada. Responsabilidad legal por lesiones que resulten a causa de una ca\u00edda se aplica a edificios de oficinas, tiendas, mercados, centros comerciales, teatros, lugares de ocio, complejos de apartamentos, cl\u00ednicas, escuelas, universidades, restaurantes y muchos m\u00e1s. Las condiciones peligrosas pueden consistir de pisos mojados, iluminaci\u00f3n inadecuada, aceras rotas, suelos sueltos, escaleras rotas, u otras condiciones inestables. Los que se resbalan y se caen debido a condiciones peligrosas pueden sufrir varias lesiones, cortadas, raspones y moretones a huesos fracturados, esguinces, luxaciones, traumatismo craneoencef\u00e1lico, y m\u00e1s.<\/p>\n<\/div>\n<div class=\"textblock\">\n<p>Nuestra oficina trabajara diligentemente para obtener una soluci\u00f3n justa que refleje la naturaleza y el alcance de sus lesiones. La compensaci\u00f3n que se consiga puede cubrir gastos m\u00e9dicos pasados y futuros, salarios perdidos, dolor, sufrimiento, y m\u00e1s, dependiendo de los hechos de su caso.<\/p>\n<\/div>\n<div class=\"textblock\">\n<p>Si Ud. result\u00f3 lastimado a causa de una resbalada y ca\u00edda, llame a nuestra oficina en cuanto antes y le daremos asesor\u00eda<strong>\u00a0<u>gratis<\/u> <\/strong>sobre todos sus derechos. Si le es mas conveniente, mandaremos a uno de nuestros representantes a su casa\/hospital, a la hora\/d\u00eda, incluyendo en las noches\/fines de semana, que sea mas conveniente para Ud. Como abogado litigante, el Lic. Ba\u00f1uelos<strong>\u00a0<a href=\"http:\/\/jessejbanuelos.com\/es\/our-victory\/\">ha ayudado<\/a> <\/strong>a miles de v\u00edctimas de accidentes a que recuperen la m\u00e1xima compensaci\u00f3n que se merecen. Con<strong>\u00a0<a href=\"http:\/\/jessejbanuelos.com\/es\/es\/mr-banuelos-profile\/\">mas de 25 a\u00f1os de experiencia<\/a> <\/strong>tramitando reclamos de accidentados, el Lic. Ba\u00f1uelos tiene la tenacidad y experiencia para que su caso salga adelante.<strong><br \/>\n<\/strong><\/p>\n<\/div>\n","protected":false},"excerpt":{"rendered":"<p>Jesse J. Ba\u00f1uelos, Abogado de Los Angeles Para Accidentes de Resbaladas y Ca\u00eddas LUCHADOR DE LOS DERECHOS DE V\u00cdCTIMAS DE ACCIDENTES DE RESBALADAS Y CA\u00cdDAS Los due\u00f1os de propriedades tienen la obligaci\u00f3n de proporcionar un ambiente razonablemente seguro para las personas que visitan sus establecimientos en calidad de invitados, clientes, o residentes. Cuando existe alguna &hellip; <a href=\"https:\/\/jessejbanuelos.com\/es\/slip-and-fall-accident\/\" class=\"more-link\">Continue reading <span class=\"screen-reader-text\">ACCIDENTE DE CA\u00cdDA<\/span><\/a><\/p>\n","protected":false},"author":1,"featured_media":1355,"parent":0,"menu_order":0,"comment_status":"closed","ping_status":"closed","template":"fullpage.php","meta":{"_monsterinsights_skip_tracking":false,"_monsterinsights_sitenote_active":false,"_monsterinsights_sitenote_note":"","_monsterinsights_sitenote_category":0,"_uf_show_specific_survey":0,"_uf_disable_surveys":false,"iawp_total_views":26,"footnotes":""},"class_list":["post-96","page","type-page","status-publish","has-post-thumbnail","hentry"],"translation":{"provider":"WPGlobus","version":"3.0.2","language":"es","enabled_languages":["en","es"],"languages":{"en":{"title":true,"content":true,"excerpt":false},"es":{"title":true,"content":true,"excerpt":false}}},"aioseo_notices":[],"_links":{"self":[{"href":"https:\/\/jessejbanuelos.com\/es\/wp-json\/wp\/v2\/pages\/96","targetHints":{"allow":["GET"]}}],"collection":[{"href":"https:\/\/jessejbanuelos.com\/es\/wp-json\/wp\/v2\/pages"}],"about":[{"href":"https:\/\/jessejbanuelos.com\/es\/wp-json\/wp\/v2\/types\/page"}],"author":[{"embeddable":true,"href":"https:\/\/jessejbanuelos.com\/es\/wp-json\/wp\/v2\/users\/1"}],"replies":[{"embeddable":true,"href":"https:\/\/jessejbanuelos.com\/es\/wp-json\/wp\/v2\/comments?post=96"}],"version-history":[{"count":0,"href":"https:\/\/jessejbanuelos.com\/es\/wp-json\/wp\/v2\/pages\/96\/revisions"}],"wp:featuredmedia":[{"embeddable":true,"href":"https:\/\/jessejbanuelos.com\/es\/wp-json\/wp\/v2\/media\/1355"}],"wp:attachment":[{"href":"https:\/\/jessejbanuelos.com\/es\/wp-json\/wp\/v2\/media?parent=96"}],"curies":[{"name":"wp","href":"https:\/\/api.w.org\/{rel}","templated":true}]}}