{"id":87,"date":"2016-02-12T07:13:05","date_gmt":"2016-02-12T07:13:05","guid":{"rendered":"http:\/\/jessejbanuelos.com\/?page_id=87"},"modified":"2017-12-29T07:10:38","modified_gmt":"2017-12-29T07:10:38","slug":"bicycle-accident","status":"publish","type":"page","link":"https:\/\/jessejbanuelos.com\/es\/bicycle-accident\/","title":{"rendered":"ACCIDENTE DE BICICLETA"},"content":{"rendered":"<h2>Jesse J. Ba\u00f1uelos, Abogado de los Angeles Para Accidentes de Bicicleta<\/h2>\n<div class=\"textblock\">\n<h3>UN LUCHADOR DE LOS DERECHOS DE V\u00cdCTIMAS DE ACCIDENTES DE BICICLETA<\/h3>\n<p>Andar en bicicleta ha crecido en popularidad como un medio de transporte, deporte y recreaci\u00f3n para millones de personas en este pa\u00eds. En el Sur de California, donde el clima es templado todo el a\u00f1o y donde carriles bicicleta ha aumentado en las zonas de la ciudad, miles de personas se van en bicicleta a la escuela, a el trabajo y a otros lugares. Los Angeles cuenta con mas de 1,200 millas de carriles para bicicletas. Muchas de estas ciclov\u00edas est\u00e1n ubicadas, sin embargo, a lo largo de las carreteras m\u00e1s transitadas pr\u00f3ximas a tr\u00e1fico de la ciudad que contienen autos, camiones, camionetas y autobuses. Cuando los que est\u00e1n montados en bicicleta est\u00e1n involucrados en un accidente de tr\u00e1fico con otros veh\u00edculos, el ciclista, por lo general, lleva la peor parte de los hechos, lo que resulta en lesiones graves o incluso la muerte.<\/p>\n<\/div>\n<div class=\"textblock\">\n<h3>ACCIDENTES DE BICICLETA<\/h3>\n<p>Un accidente de bicicleta puede provocar lesiones f\u00edsicas graves, p\u00e9rdida de trabajo, y trauma emocional. Leyes de veh\u00edculos de motor se han creado para proteger a los ciclistas de los automovilistas descuidados y negligentes. Si un conductor ha violado estas leyes, Ud. puede tener derecho a da\u00f1os y perjuicios, incluidos los gastos m\u00e9dicos, salarios perdidos, dolor y sufrimiento. Nuestra empresa se esforzar\u00e1 para ayudar a evitar las dificultades financieras que pueden seguir la estela de este tipo de accidentes, adem\u00e1s de a\u00f1adir un traumatismo en una situaci\u00f3n ya dif\u00edcil. Permitanos usar nuestra amplia experiencia en casos de lesiones personales para ayudarle mientras Ud. se concentra en la recuperaci\u00f3n de su salud.<\/p>\n<\/div>\n<div class=\"textblock\">\n<p>Si Ud. ha sido gravemente herido en un accidente de bicicleta en cualquier lugar en el Sur de California, nuestra oficina le puede ayudar. El Lic. Ba\u00f1uelos ha representado a miles de personas heridas en accidentes de tr\u00e1fico de cualquier naturaleza y tipo, incluidos los heridos, mientras que en bicicleta. Cuando un conductor de veh\u00edculo ha sido negligente, descuidado, o ha participado en alg\u00fan tipo de mala conducta, Ud. tiene derecho a pedir indemnizaci\u00f3n legal por sus da\u00f1os a trav\u00e9s de una reclamo o de demanda judicial. El Lic. Ba\u00f1uelos lo representar\u00e1 a cada paso del camino, agresivamente negociando en su nombre con la compa\u00f1\u00eda de seguros involucrada para conseguir un acuerdo justo. Si Ud. result\u00f3 lastimado a causa de un accidente de bicicleta, haga favor de llamar a nuestra oficina en cuanto antes y le daremos asesor\u00eda<strong> <u>gratis<\/u><\/strong> sobre todos sus derechos. Si le es mas conveniente, mandaremos a uno de nuestros representantes a su casa\/hospital a cualquier hora\/d\u00eda, incluyendo noches\/fines de semana. Como abogado litigante, el Lic. Ba\u00f1uelos <a href=\"http:\/\/jessejbanuelos.com\/es\/our-victory\/\"><strong>ha<\/strong> <strong>ayudado<\/strong><\/a> a miles de v\u00edctimas de accidentes a que recuperen la m\u00e1xima compensaci\u00f3n que se merecen. Con <strong><a href=\"http:\/\/jessejbanuelos.com\/es\/mr-banuelos-profile\/\">mas de 25 a\u00f1os de experiencia<\/a><\/strong> tramitando reclamos de accidentados, el Lic. Ba\u00f1uelos tiene la tenacidad y experiencia para que su caso salga adelante.<\/p>\n<\/div>\n","protected":false},"excerpt":{"rendered":"<p>Jesse J. Ba\u00f1uelos, Abogado de los Angeles Para Accidentes de Bicicleta UN LUCHADOR DE LOS DERECHOS DE V\u00cdCTIMAS DE ACCIDENTES DE BICICLETA Andar en bicicleta ha crecido en popularidad como un medio de transporte, deporte y recreaci\u00f3n para millones de personas en este pa\u00eds. En el Sur de California, donde el clima es templado todo &hellip; <a href=\"https:\/\/jessejbanuelos.com\/es\/bicycle-accident\/\" class=\"more-link\">Continue reading <span class=\"screen-reader-text\">ACCIDENTE DE BICICLETA<\/span><\/a><\/p>\n","protected":false},"author":1,"featured_media":1355,"parent":0,"menu_order":0,"comment_status":"closed","ping_status":"closed","template":"fullpage.php","meta":{"_monsterinsights_skip_tracking":false,"_monsterinsights_sitenote_active":false,"_monsterinsights_sitenote_note":"","_monsterinsights_sitenote_category":0,"_uf_show_specific_survey":0,"_uf_disable_surveys":false,"iawp_total_views":34,"footnotes":""},"class_list":["post-87","page","type-page","status-publish","has-post-thumbnail","hentry"],"translation":{"provider":"WPGlobus","version":"3.0.2","language":"es","enabled_languages":["en","es"],"languages":{"en":{"title":true,"content":true,"excerpt":false},"es":{"title":true,"content":true,"excerpt":false}}},"aioseo_notices":[],"_links":{"self":[{"href":"https:\/\/jessejbanuelos.com\/es\/wp-json\/wp\/v2\/pages\/87","targetHints":{"allow":["GET"]}}],"collection":[{"href":"https:\/\/jessejbanuelos.com\/es\/wp-json\/wp\/v2\/pages"}],"about":[{"href":"https:\/\/jessejbanuelos.com\/es\/wp-json\/wp\/v2\/types\/page"}],"author":[{"embeddable":true,"href":"https:\/\/jessejbanuelos.com\/es\/wp-json\/wp\/v2\/users\/1"}],"replies":[{"embeddable":true,"href":"https:\/\/jessejbanuelos.com\/es\/wp-json\/wp\/v2\/comments?post=87"}],"version-history":[{"count":0,"href":"https:\/\/jessejbanuelos.com\/es\/wp-json\/wp\/v2\/pages\/87\/revisions"}],"wp:featuredmedia":[{"embeddable":true,"href":"https:\/\/jessejbanuelos.com\/es\/wp-json\/wp\/v2\/media\/1355"}],"wp:attachment":[{"href":"https:\/\/jessejbanuelos.com\/es\/wp-json\/wp\/v2\/media?parent=87"}],"curies":[{"name":"wp","href":"https:\/\/api.w.org\/{rel}","templated":true}]}}