{"id":77,"date":"2016-02-12T07:10:58","date_gmt":"2016-02-12T07:10:58","guid":{"rendered":"http:\/\/jessejbanuelos.com\/?page_id=77"},"modified":"2017-12-29T07:08:27","modified_gmt":"2017-12-29T07:08:27","slug":"auto-accident","status":"publish","type":"page","link":"https:\/\/jessejbanuelos.com\/es\/auto-accident\/","title":{"rendered":"accidente de auto"},"content":{"rendered":"<h2>Lic. Jesse J. Ba\u00f1uelos, Abogado De Los Angeles Para Accidentes de Auto<\/h2>\n<div class=\"textblock\">\n<h3>UN LUCHADOR DE LOS DERECHOS DE V\u00cdCTIMAS DE ACCIDENTES AUTOMOVIL\u00cdSTICOS<\/h3>\n<p>Ud. result\u00f3 lastimado a causa de un accidente por el descuido de otra persona? Accidentes de auto pueden cambiar su vida para siempre porque le pueden causar shock, trauma, y enorme da\u00f1o f\u00edsico. Las lesiones pueden incluir esguince cervical, moretones, torceduras, dislocaciones, fracturas de los huesos, lesiones internas, trauma de la cabeza, quemaduras, p\u00e9rdida de un brazo o una pierna, da\u00f1o a la espina dorsal, etc. Los lesionados pueden tener que estar en el hospital por un largo tiempo, pueden perder su empleo, y tambi\u00e9n pueden sufrir un trastorno severo encon\u00f3mico y quiz\u00e1s hasta pueden llegar a la ruina completa. Una pesadilla f\u00edsica se puede convertir en una pesadilla econ\u00f3mica a causa de los gastos tan altos de tramamiento m\u00e9dico y otros gastos. Todos ellos que queden permanentemente incapacitados tendr\u00e1n que enfrentarse a una vida llena de gastos m\u00e9dicos y p\u00e9rdida de ingresos que no se podri\u00e1n superar sin la compensaci\u00f3n monetaria que pueden conseguir legalmente de los responsables de esas lesiones.<\/p>\n<\/div>\n<div class=\"textblock\">\n<h3>ACCIDENTES DE AUTO<\/h3>\n<p>Ud. puede haber sido lastimado por un conductor descuidado, o porque andaba manejando contra las leyes de la carretera, porque andaba ebrio, porque estaba distra\u00eddo por andar usando su celular, porque andaba manejando a alta velocidad, porque estaba incapacitado por alguna raz\u00f3n, etc. Nuestra oficina investigar\u00e1 todos los hechos, reunir\u00eda evidencia, y despu\u00e9s presentar\u00eda su reclamo a la compa\u00f1\u00eda de seguro del partido que haya sido responsable por el accidente. Si Ud. result\u00f3 lastimado a causa de un accidente de auto, haga favor de llamar a nuestra oficina en cuanto antes y le daremos asesor\u00eda <strong><u>gratis<\/u><\/strong> sobre todos sus derechos. Si le es mas conveniente, mandaremos a uno de nuestros representantes a su casa\/hospital a cualquier hora\/d\u00eda, incluyendo noches\/fines de semana. Como abogado litigante, el Lic. Ba\u00f1uelos <a href=\"http:\/\/jessejbanuelos.com\/es\/our-victory\/\"><strong>ha<\/strong> <strong>ayudado<\/strong><\/a> a miles de v\u00edctimas de accidentes de auto a que recuperen la m\u00e1xima compensaci\u00f3n que se merecen. Con <strong><a href=\"http:\/\/jessejbanuelos.com\/es\/our-victory\/\">mas de 25 a\u00f1os de experiencia<\/a><\/strong> tramitando reclamos de accidentados, el Lic. Ba\u00f1uelos tiene la tenacidad y experiencia para que su caso salga adelante.<\/p>\n<\/div>\n","protected":false},"excerpt":{"rendered":"<p>Lic. Jesse J. Ba\u00f1uelos, Abogado De Los Angeles Para Accidentes de Auto UN LUCHADOR DE LOS DERECHOS DE V\u00cdCTIMAS DE ACCIDENTES AUTOMOVIL\u00cdSTICOS Ud. result\u00f3 lastimado a causa de un accidente por el descuido de otra persona? Accidentes de auto pueden cambiar su vida para siempre porque le pueden causar shock, trauma, y enorme da\u00f1o f\u00edsico. &hellip; <a href=\"https:\/\/jessejbanuelos.com\/es\/auto-accident\/\" class=\"more-link\">Continue reading <span class=\"screen-reader-text\">accidente de auto<\/span><\/a><\/p>\n","protected":false},"author":1,"featured_media":1355,"parent":0,"menu_order":0,"comment_status":"closed","ping_status":"closed","template":"fullpage.php","meta":{"_monsterinsights_skip_tracking":false,"_monsterinsights_sitenote_active":false,"_monsterinsights_sitenote_note":"","_monsterinsights_sitenote_category":0,"_uf_show_specific_survey":0,"_uf_disable_surveys":false,"iawp_total_views":48,"footnotes":""},"class_list":["post-77","page","type-page","status-publish","has-post-thumbnail","hentry"],"translation":{"provider":"WPGlobus","version":"3.0.2","language":"es","enabled_languages":["en","es"],"languages":{"en":{"title":true,"content":true,"excerpt":false},"es":{"title":true,"content":true,"excerpt":false}}},"aioseo_notices":[],"_links":{"self":[{"href":"https:\/\/jessejbanuelos.com\/es\/wp-json\/wp\/v2\/pages\/77","targetHints":{"allow":["GET"]}}],"collection":[{"href":"https:\/\/jessejbanuelos.com\/es\/wp-json\/wp\/v2\/pages"}],"about":[{"href":"https:\/\/jessejbanuelos.com\/es\/wp-json\/wp\/v2\/types\/page"}],"author":[{"embeddable":true,"href":"https:\/\/jessejbanuelos.com\/es\/wp-json\/wp\/v2\/users\/1"}],"replies":[{"embeddable":true,"href":"https:\/\/jessejbanuelos.com\/es\/wp-json\/wp\/v2\/comments?post=77"}],"version-history":[{"count":0,"href":"https:\/\/jessejbanuelos.com\/es\/wp-json\/wp\/v2\/pages\/77\/revisions"}],"wp:featuredmedia":[{"embeddable":true,"href":"https:\/\/jessejbanuelos.com\/es\/wp-json\/wp\/v2\/media\/1355"}],"wp:attachment":[{"href":"https:\/\/jessejbanuelos.com\/es\/wp-json\/wp\/v2\/media?parent=77"}],"curies":[{"name":"wp","href":"https:\/\/api.w.org\/{rel}","templated":true}]}}