{"id":68,"date":"2016-02-12T06:47:28","date_gmt":"2016-02-12T06:47:28","guid":{"rendered":"http:\/\/jessejbanuelos.com\/?page_id=68"},"modified":"2018-12-10T07:21:48","modified_gmt":"2018-12-10T07:21:48","slug":"immigration","status":"publish","type":"page","link":"https:\/\/jessejbanuelos.com\/es\/immigration\/","title":{"rendered":"CASOS DE INMIGRACI\u00d3N"},"content":{"rendered":"<h2><\/h2>\n<h2>Lic. Jesse J. Ba\u00f1uelos, Abogado de Inmigraci\u00f3n de Los Angeles<\/h2>\n<div class=\"textblock\">\n<h3>LUCHADOR DE LOS DERECHOS DE LOS QUE TIENEN PROBLEMAS DIF\u00cdCILES DE INMIGRACI\u00d3N<\/h3>\n<p>El Lic. Ba\u00f1uelos naci\u00f3 y se cri\u00f3 en un peque\u00f1o rancho en M\u00e9xico. A trav\u00e9s de mucho trabajo y tenacidad lleg\u00f3 a ser un abogado en este pa\u00eds. Esos humildes or\u00edgenes lo prepararon para resolver asuntos legales dif\u00edciles, incluyendo los relacionados a inmigraci\u00f3n.<\/p>\n<\/div>\n<h3>SERVICIOS DE INMIGRACI\u00d3N QUE NUESTRA OFICINA OFRECE<\/h3>\n<div class=\"lead\">\n<p>Si Ud. necesita ayuda para aplicar para:<\/p>\n<ol>\n<li>ciudadania Americana;<\/li>\n<li>una mica por medio de un familiar;<\/li>\n<li>una mica para los que tienen el estatus de acci\u00f3n diferida [DACA];<\/li>\n<li>una mica para los que tienen TPS;<\/li>\n<li>una mica por medio de NACARA;<\/li>\n<li>una mica para vict\u00edmas de violencia dom\u00e9stica;<\/li>\n<li>una visa \u201cU\u201c para v\u00edctimas de ciertos cr\u00edmenes;<\/li>\n<li>un perd\u00f3n porque necesita enfrentarse a algun motivo de inadmisibilidad bajo las leyes de inmigraci\u00f3n, como una deportaci\u00f3n, una convicci\u00f3n criminal, fraude de inmigraci\u00f3n, etc.; o<\/li>\n<li>un nuevo perd\u00f3n I-601A provisional por haber vivido ilegalmente\u2013por tener presencia ilegal\u2013en este pa\u00eds por mas de 180 d\u00edas en, o despu\u00e9s de Abril 1, 1997, que esta disponible para los extranjeros que viven en este pa\u00eds, que son c\u00f3nyugues\/padres de ciudadanos Americanos, y quienes van a aplicar para una visa de emigrante en el consulado Americano de su pa\u00eds.<\/li>\n<\/ol>\n<\/div>\n<div class=\"lead\">\n<p>O, si necesita:<\/p>\n<\/div>\n<div class=\"textblock\">\n<ul>\n<li><i class=\"fa fa-caret-right\"><\/i><strong><a href=\"http:\/\/jessejbanuelos.com\/es\/defenses-vs-deportation\/\">defensa contra deportaci\u00f3n\/remoci\u00f3n<\/a><\/strong> [<strong>procesos de deportaci\u00f3n son procesos en la corte de inmigraci\u00f3n que empezaron antes de Abril 1, 1997. Procesos de remoci<strong>\u00f3<\/strong>n son procesos en la corte de inmigraci<strong>\u00f3<\/strong>n que empezaron en o despu\u00e9s de Abril 1, 1997<\/strong>];<\/li>\n<li><i class=\"fa fa-caret-right\"><\/i>entablar una <strong><a href=\"http:\/\/jessejbanuelos.com\/es\/motion-to-reopen-a-case\/\">moci\u00f3n para reabrir un caso<\/a><\/strong> de deportaci\u00f3n\/remoci\u00f3n; o<\/li>\n<li><i class=\"fa fa-caret-right\"><\/i>entablar un proceso de apelaci\u00f3n en el Tribunal de Apelaciones de Inmigraci\u00f3n (BIA).<\/li>\n<\/ul>\n<\/div>\n<div class=\"lead\">\n<p>Estamos pare servirle. Le podemos ayudar.<\/p>\n<\/div>\n<div class=\"textblock\">\n<h3>RAZONES PORQUE DEBE ACUDIR A NUESTRA OFICINA SI TIENE ALG\u00daN PROBLEMA DIF\u00cdCIL DE INMIGRACI\u00d3N<\/h3>\n<ul>\n<li><i class=\"fa fa-caret-right\"><\/i>1. El Lic. Ba\u00f1uelos tiene <strong><a id=\"ms__id2078\" href=\"http:\/\/jessejbanuelos.com\/es\/mr-banuelos-profile\/\">mas de 19 a\u00f1os<\/a><\/strong> resolviendo <strong><a id=\"ms__id2080\" href=\"http:\/\/jessejbanuelos.com\/es\/our-victory\/\">exitosamente<\/a><\/strong> problemas dif\u00edciles de inmigraci\u00f3n y <strong><a id=\"ms__id2082\" href=\"http:\/\/jessejbanuelos.com\/es\/mr-banuelos-profile\/\">ganando<\/a><\/strong> casos dif\u00edciles de deportaci\u00f3n o remoci\u00f3n;<\/li>\n<li><i class=\"fa fa-caret-right\"><\/i>2. El Lic. Ba\u00f1uelos <strong><a href=\"http:\/\/jessejbanuelos.com\/es\/our-victory\/\">ha ayudado exitosamente<\/a><\/strong> a miles de personas con problemas dif\u00edciles de inmigraci\u00f3n a que consigan una mica, a que obtengan ciudadan\u00eda Americana, a prevenir su deportaci\u00f3n o remoci\u00f3n, etc.;<\/li>\n<li><i class=\"fa fa-caret-right\"><\/i>3. El Lic. Ba\u00f1uelos, como todos los <strong><a id=\"ms__id2088\" href=\"http:\/\/jessejbanuelos.com\/es\/our-victory\/\">inmigrantes triunfadores<\/a><\/strong> que llegaron a este pa\u00eds de <strong><a id=\"ms__id2090\" href=\"http:\/\/jessejbanuelos.com\/es\/mr-banuelos-profile\/\">or\u00edgenes muy humildes<\/a><\/strong>, es trabajador y tenaz;<\/li>\n<li><i class=\"fa fa-caret-right\"><\/i>4. El Lic. Ba\u00f1uelos y todo el personal en nuestra oficina hablamos Espa\u00f1ol;<\/li>\n<li><i class=\"fa fa-caret-right\"><\/i>5. Si Ud. no puede venir a nuestra oficina entre semana, podemos concertar una consulta de inmigraci\u00f3n para Ud. con el Lic. Ba\u00f1uelos para un S\u00e1bado o Domingo;<\/li>\n<li><i class=\"fa fa-caret-right\"><\/i>6. Si no puede venir a nuestra oficina en ning\u00fan d\u00eda de la semana, podemos concertar una consulta de inmigraci\u00f3n para Ud. con el Lic. Ba\u00f1uelos por <strong><u>tel\u00e9fono<\/u><\/strong> para el d\u00eda y a la hora que le sea mas conveniente; y<\/li>\n<li><i class=\"fa fa-caret-right\"><\/i>7. Todas las consultas de inmigraci\u00f3n&#8211;ya sean en nuestra oficina o por tel<u>\u00e9<\/u>fono&#8211;ser\u00e1n con el Lic. Ba\u00f1uelos, y no con alg\u00fan asistente, o con alg\u00fana secretaria, como suele ocurrir en las oficinas de otros abogados de inmigraci\u00f3n.<\/li>\n<\/ul>\n<\/div>\n","protected":false},"excerpt":{"rendered":"<p>Lic. Jesse J. Ba\u00f1uelos, Abogado de Inmigraci\u00f3n de Los Angeles LUCHADOR DE LOS DERECHOS DE LOS QUE TIENEN PROBLEMAS DIF\u00cdCILES DE INMIGRACI\u00d3N El Lic. Ba\u00f1uelos naci\u00f3 y se cri\u00f3 en un peque\u00f1o rancho en M\u00e9xico. A trav\u00e9s de mucho trabajo y tenacidad lleg\u00f3 a ser un abogado en este pa\u00eds. Esos humildes or\u00edgenes lo prepararon &hellip; <a href=\"https:\/\/jessejbanuelos.com\/es\/immigration\/\" class=\"more-link\">Continue reading <span class=\"screen-reader-text\">CASOS DE INMIGRACI\u00d3N<\/span><\/a><\/p>\n","protected":false},"author":1,"featured_media":1367,"parent":0,"menu_order":0,"comment_status":"closed","ping_status":"closed","template":"fullpage.php","meta":{"_monsterinsights_skip_tracking":false,"_monsterinsights_sitenote_active":false,"_monsterinsights_sitenote_note":"","_monsterinsights_sitenote_category":0,"_uf_show_specific_survey":0,"_uf_disable_surveys":false,"iawp_total_views":306,"footnotes":""},"class_list":["post-68","page","type-page","status-publish","has-post-thumbnail","hentry"],"translation":{"provider":"WPGlobus","version":"3.0.2","language":"es","enabled_languages":["en","es"],"languages":{"en":{"title":true,"content":true,"excerpt":false},"es":{"title":true,"content":true,"excerpt":false}}},"aioseo_notices":[],"_links":{"self":[{"href":"https:\/\/jessejbanuelos.com\/es\/wp-json\/wp\/v2\/pages\/68","targetHints":{"allow":["GET"]}}],"collection":[{"href":"https:\/\/jessejbanuelos.com\/es\/wp-json\/wp\/v2\/pages"}],"about":[{"href":"https:\/\/jessejbanuelos.com\/es\/wp-json\/wp\/v2\/types\/page"}],"author":[{"embeddable":true,"href":"https:\/\/jessejbanuelos.com\/es\/wp-json\/wp\/v2\/users\/1"}],"replies":[{"embeddable":true,"href":"https:\/\/jessejbanuelos.com\/es\/wp-json\/wp\/v2\/comments?post=68"}],"version-history":[{"count":0,"href":"https:\/\/jessejbanuelos.com\/es\/wp-json\/wp\/v2\/pages\/68\/revisions"}],"wp:featuredmedia":[{"embeddable":true,"href":"https:\/\/jessejbanuelos.com\/es\/wp-json\/wp\/v2\/media\/1367"}],"wp:attachment":[{"href":"https:\/\/jessejbanuelos.com\/es\/wp-json\/wp\/v2\/media?parent=68"}],"curies":[{"name":"wp","href":"https:\/\/api.w.org\/{rel}","templated":true}]}}