{"id":147,"date":"2016-02-12T07:39:49","date_gmt":"2016-02-12T07:39:49","guid":{"rendered":"http:\/\/jessejbanuelos.com\/?page_id=147"},"modified":"2017-10-12T22:57:08","modified_gmt":"2017-10-12T22:57:08","slug":"if-you-are-detained-by-the-ice","status":"publish","type":"page","link":"https:\/\/jessejbanuelos.com\/es\/if-you-are-detained-by-the-ice\/","title":{"rendered":"si es detenido por el ice"},"content":{"rendered":"<h2>LIC. JESSE J. BA\u00d1UELOS, ABOGADO DE INMIGRACI\u00d3N DE LOS ANGELES<\/h2>\n<div class=\"textblock\">\n<h3><\/h3>\n<p>Un extranjero que esta en este pa\u00eds ilegalmente est\u00e1 sujeto a ser deportado\/removido en cualquier momento porque no tiene derecho de estar aqu\u00ed. A pesar de que un residente permanente legal [una persona con una mica] tiene derecho a estar, y de vivir, en este pa\u00eds, tambi\u00e9n puede ser deportado\/removido por varias razones, incluyendo algunas convicciones criminales, el vivir fuera de este pa\u00eds por m\u00e1s de seis meses seguidos, u otras violaci\u00f3nes de las leyes de inmigraci\u00f3n, como el tr\u00e1fico il\u00edcito de personas, el decir que es ciudadano Americano, etc [<strong>procesos de deportaci<\/strong><strong>\u00f3<\/strong><strong>n son procesos en la corte de inmigraci\u00f3n que empezaron antes de Abril 1, 1997. Por lo cual, una orden de expulsi\u00f3n emitida por una corte en esos procesos es una orden de deportaci\u00f3n. Procesos de remoci<\/strong><strong>\u00f3<\/strong><strong>n son procesos en la corte de inmigraci<\/strong><strong>\u00f3<\/strong><strong>n <\/strong><strong>que empezaron en o despu\u00e9s de Abril 1, 1997. <\/strong><strong>Por lo cual, una orden de expulsi\u00f3n emitida por una corte en esos procesos es una orden de remoci\u00f3n<\/strong>].<\/p>\n<\/div>\n<div class=\"textblock\">\n<h2><strong>QUE HAGO SI ME ENCUENTRO CON OFICIALES DEL ICE?<\/strong><\/h2>\n<p><strong>MANTENGA LA CALMA, Y TRATELOS CON RESPETO Y CORTES\u00cdA<\/strong>.\u00a0Si Ud. se encuentra con oficiales de inmigraci\u00f3n [ICE], ya sea porque vienen a su casa, en un ret\u00e9n, en su trabajo, en la calle, etc., mantenga la calma, y tratelos con respeto y cortes\u00eda, aunque ellos no lo traten as\u00ed a Ud.<\/p>\n<\/div>\n<p><strong>QUE HAGO SI OFICIALES DEL ICE ME DETIENEN EN LA CALLE?<\/strong><br \/>\n1. \u00a0 <strong>No tiene que confirmar su identidad. <\/strong>Ud. no tiene que darles su nombre, ni tiene que confirmar su identiddad.<strong>\u00a0<\/strong>Lo primero que Ud. debe hacer es preguntar: \u201c\u00bfEstoy detenido? Si dicen que &#8220;no&#8221;, alejese lentamente, y sin decir nada. Si dicen que &#8220;si&#8221;, no discuta con ellos, y no resista. Bajo la ley federal, es una felon\u00eda el obstruir a un oficial federal. Tambi\u00e9n es una felon\u00eda el agredir a un oficial federal, aunque el contacto f\u00edsico con ellos sea lo mas m\u00ednimo, y aunque Ud. este seguro de que Ud. est\u00e1 actuando en defensa propia, y\/o de que Ud. esta seguro de que no tienen derecho a detenerlo.<br \/>\n2. \u00a0<strong>Tiene derecho a mantenerse callado<\/strong>. Si le hacen preguntas, Ud. debe permanecer callado. Diga: \u201cNo quiero responder a ninguna pregunta. Especialmente si le preguntan su nombre, su estado migratorio en este pais, donde naci\u00f3, cuando o como lleg\u00f3 a este pais, etc. Si insisten, digales que antes de contestar, necesita consultar con un abogado. <strong>ADVERTENCIA:<\/strong>\u00a0si decide contestar las preguntas de los oficiales, no les mienta.\u00a0Es una felon\u00eda el mentir a un oficial federal. Por ejemplo, no les diga que es ciudadano Americano, si no lo es, etc.<\/p>\n<p>3. \u00a0<strong>Tiene derecho a negarse a darles documentos<\/strong>. Si le piden documentos, Ud. no tiene que darles nada, y menos documentos que demuestren que Ud. es del extranjero, como un pasaporte, una matr\u00edcula consular, acta de nacimiento, etc. Si insisten, digales que necesita consultar con un abogado. <strong>ADVERTENCIA<\/strong>: Si Ud. decide mostrarles documentos, no les ense\u00f1e documentos falsos.\u00a0Es una felon\u00eda el presentar documentos falsos a un oficial federal.<br \/>\n4.<strong> \u00a0Tiene derecho a negarse a que lo registren<\/strong>. Si le preguntan que si pueden esculcar su persona, o sus pertenencias, Ud. tiene derecho a decir que &#8220;no.&#8221; Si les dice que &#8220;no&#8221;, y aun asi empiezan a esculcar sus bolsillos, o sus pertenencias, no resista. Diga,\u201cno tienen mi permiso para registrarme a mi, o a mis pertenencias.\u201d <strong>NOTA<\/strong>: En algunas situaciones, los oficiales tienen derecho a registrarlo sin permiso de Ud., si ellos tienen raz\u00f3n para sospechar que Ud. esta armado.<\/p>\n<p>5.<strong> \u00a0Tiene derecho a negarse a firmar documentos<\/strong>.\u00a0Si los oficiales le piden que firme documentos, no lo haga. Si lo hace, Ud., podr\u00eda aceptar su salida del pa\u00eds. Si insisten en que los firme, digales que antes de hacerlo, necesita consultar con un abogado. No se atenga a que los oficiales le expliquen lo que dicen los documentos. A veces, los oficiales no explican bien lo que dicen esos documentos, o ocultan el prop\u00f3sito de esos documentos<\/p>\n<div class=\"textblock\"><\/div>\n<p><strong>QUE HAGO SI OFICIALES DEL ICE LLEGAN A MI CASA?<\/strong><\/p>\n<p>1. <strong>\u00a0Tiene derecho a negarles el paso a su casa<\/strong>. Si tocan a su puerta, no les abra. Agentes del ICE necesitan permiso de Ud. para entrar a su casa. Tenga cuidado porque a veces se valen de pretextos para que Ud. les de el pase. Por ejemplo, pueden decir que son polic\u00edas, que est\u00e1n investigando un crimen y que necesitan ayuda de Ud., etc. Ademas, si Ud. les abre la puerta, ellos lo pueden tomar como un permiso para entrar, aunque no sea asi.<\/p>\n<div class=\"textblock\">\n<p>2. \u00a0<strong>Tiene derecho a insistir en ver una\u00a0orden judicial<\/strong>.\u00a0Una orden judicial es un documento firmado por un juez que da permiso a los agentes a ingresar a un hogar o a cualquier otro lugar privado para proceder a un registro o para efectuar un arresto. Una orden de registro autoriza a los agentes a entrar al lugar descripto en la orden a buscar y a llevarse los elementos identificados en la orden. Una orden de deportaci\u00f3n autoriza a los agentes a llevarse bajo custodia a la persona descripta en la orden. Si los agentes dicen que tienen una orden de registro, pidales que la deslicen debajo de la puerta, o que se la muestren por una ventana. Si le deslizan documentos por debajo de la puerta, tome fotograf\u00edas de todos ellos.<\/p>\n<p>3.<strong> \u00a0Si entran a su casa sin permiso, no resista<\/strong>. Si entran sin su permiso y sin una orden judicial, no los impida, no resista, y evite todo contacto f\u00edsico con ellos. Bajo la ley federal, es una felon\u00eda el impedir o obstruir a un oficial federal. Tambi\u00e9n es una felon\u00eda el agredir a un agente federal, aunque el contacto f\u00edsico con ellos sea lo mas m\u00ednimo, y aunque Ud. este seguro de que Ud. est\u00e1 actuando en defensa propia, o de que ellos est\u00e1n actuando en violaci\u00f3n de la ley.<br \/>\n4. <strong>\u00a0Tiene derecho a mantenerse callado<\/strong>.\u00a0Si entran a su casa, ya sea con permiso, sin permiso, o con una orden de registro, quedese callado. Si hay otras personas en la casa, esas personas tambi\u00e9n deben de \u00a0mantenerse calladas. La ley no requiere que Ud. conteste a ninguna de las preguntas de los oficiales. Si los oficiales insisten, digales que antes de contestar, necesita consultar con un abogado.<\/p>\n<p>5. \u00a0<strong>No les mienta<\/strong>. Si decide contestar a las preguntas de los oficiales, no les mienta. Es una felon\u00eda el mentir a un oficial federal. Por ejemplo, no les diga que es ciudadano Americano, si no lo es, etc.<\/p>\n<p>6. \u00a0<strong>No les ense\u00f1e\u00a0documentos falsos<\/strong>. Aunque le pidan documentos, como una tarjeta de identificaci\u00f3n, o comprobante de su estado migratorio en este pa\u00eds, Ud. no tiene que presentarles nada. Si Ud. decide monstrarles algun documento, no les ense\u00f1e documentos falsos. Es una felon\u00eda el presentar documentos falsos a un oficial federal,<\/p>\n<div class=\"textblock\">\n<p>7. \u00a0<strong>Tome notas y grabe todos los hechos con un tel\u00e9fono celular<\/strong>. Si los oficiales entran a su casa, ya sea con permiso, sin permiso, o con una orden judicial, por medio de un tel\u00e9fono celular, grabe todo lo que hagan y todo lo que digan. Pero tenga mucho cuidado de que mientras los est\u00e1 grabando, no les impide de ninguna manera. Bajo la ley federal, es una felon\u00eda el impedir a un oficial federal. Tambi\u00e9n anote los nombres de los oficiales, sus n\u00fameros de identificaci\u00f3n, la clase de veh\u00edculos que traen, etc.<\/p>\n<p>8.<strong> \u00a0Tiene derecho a negarse a firmar documentos<\/strong>.\u00a0Si los oficiales le piden que firme documentos, no lo haga. Si lo hace, Ud. podr\u00eda renunciar a sus derechos y a aceptar su salida del pa\u00eds. Si insisten en que los firme, digales que antes de hacerlo, necesita consultar con un abogado. No se atenga a que los oficiales le expliquen lo que dicen los documentos. A veces, los oficiales no explican bien lo que dicen esos documentos, o ocultan el prop\u00f3sito de esos documentos.<\/p>\n<div class=\"textblock\"><\/div>\n<div class=\"lead\">\n<h3>Como puede saber mi familia donde estoy detenido por el ICE?<\/h3>\n<p>Si su familia no sabe donde esta detenido por el ICE, pueden averiguarlo por medio de la red (internet) visitando a <strong><a href=\"https:\/\/locator.ice.gov\/odls\/homePage.do\">EL LOCALIZADOR<\/a><\/strong>. Por medio de este sistema, se puede encontrar el paradero de una persona que est\u00e1 detenida por el ICE o que fue liberada de la custodia de ICE durante los \u00faltimos 60 d\u00edas. <strong>NOTA<\/strong>: este sistema no tiene datos o informaci\u00f3n sobre personas menores de 18 a\u00f1os.<\/p>\n<\/div>\n<div class=\"lead\">\n<p style=\"text-align: center;\"><strong>SI UD. ES DETENIDO POR\u00a0EL ICE, NECESITAR\u00c1 REPRESENTACI\u00d3N LEGAL PARA PELEAR SU CASO<\/strong><\/p>\n<\/div>\n<div class=\"textblock\">\n<p>Si Ud. es detenido por el ICE y es puesto en procesos de deportaci\u00f3n\/remoci\u00f3n, debido a que esos procesos podr\u00edan terminar en la emisi\u00f3n de una orden de expulsi\u00f3n contra Ud., la cual podr\u00eda resultar en destierro permanente de este pa\u00eds, su mejor esperanza de quedarse en este pa\u00eds legalmente es con la ayuda de un abogado de inmigraci\u00f3n que sea bien experimentado, como el Lic. Ba\u00f1uelos. Debido a que es trabajador y tenaz, el Lic. Ba\u00f1uelos ha estado resolviendo\u00a0<strong><a href=\"http:\/\/jessejbanuelos.com\/es\/our-victory\/\">exitosamente<\/a><\/strong>\u00a0problemas dif\u00edciles de inmigraci\u00f3n, y ha estado ganando casos dif\u00edciles de deportaci\u00f3n y de remoci\u00f3n\u00a0<strong><a href=\"http:\/\/jessejbanuelos.com\/es\/mr-banuelos-profile\/\">por mas de 20 a\u00f1os<\/a><\/strong>.<\/p>\n<\/div>\n<\/div>\n<\/div>\n","protected":false},"excerpt":{"rendered":"<p>LIC. JESSE J. BA\u00d1UELOS, ABOGADO DE INMIGRACI\u00d3N DE LOS ANGELES Un extranjero que esta en este pa\u00eds ilegalmente est\u00e1 sujeto a ser deportado\/removido en cualquier momento porque no tiene derecho de estar aqu\u00ed. A pesar de que un residente permanente legal [una persona con una mica] tiene derecho a estar, y de vivir, en este &hellip; <a href=\"https:\/\/jessejbanuelos.com\/es\/if-you-are-detained-by-the-ice\/\" class=\"more-link\">Continue reading <span class=\"screen-reader-text\">si es detenido por el ice<\/span><\/a><\/p>\n","protected":false},"author":1,"featured_media":1367,"parent":0,"menu_order":0,"comment_status":"closed","ping_status":"closed","template":"fullpage.php","meta":{"_monsterinsights_skip_tracking":false,"_monsterinsights_sitenote_active":false,"_monsterinsights_sitenote_note":"","_monsterinsights_sitenote_category":0,"_uf_show_specific_survey":0,"_uf_disable_surveys":false,"iawp_total_views":210,"footnotes":""},"class_list":["post-147","page","type-page","status-publish","has-post-thumbnail","hentry"],"translation":{"provider":"WPGlobus","version":"3.0.2","language":"es","enabled_languages":["en","es"],"languages":{"en":{"title":true,"content":true,"excerpt":false},"es":{"title":true,"content":true,"excerpt":false}}},"aioseo_notices":[],"_links":{"self":[{"href":"https:\/\/jessejbanuelos.com\/es\/wp-json\/wp\/v2\/pages\/147","targetHints":{"allow":["GET"]}}],"collection":[{"href":"https:\/\/jessejbanuelos.com\/es\/wp-json\/wp\/v2\/pages"}],"about":[{"href":"https:\/\/jessejbanuelos.com\/es\/wp-json\/wp\/v2\/types\/page"}],"author":[{"embeddable":true,"href":"https:\/\/jessejbanuelos.com\/es\/wp-json\/wp\/v2\/users\/1"}],"replies":[{"embeddable":true,"href":"https:\/\/jessejbanuelos.com\/es\/wp-json\/wp\/v2\/comments?post=147"}],"version-history":[{"count":0,"href":"https:\/\/jessejbanuelos.com\/es\/wp-json\/wp\/v2\/pages\/147\/revisions"}],"wp:featuredmedia":[{"embeddable":true,"href":"https:\/\/jessejbanuelos.com\/es\/wp-json\/wp\/v2\/media\/1367"}],"wp:attachment":[{"href":"https:\/\/jessejbanuelos.com\/es\/wp-json\/wp\/v2\/media?parent=147"}],"curies":[{"name":"wp","href":"https:\/\/api.w.org\/{rel}","templated":true}]}}