{"id":123,"date":"2016-02-12T07:33:51","date_gmt":"2016-02-12T07:33:51","guid":{"rendered":"http:\/\/jessejbanuelos.com\/?page_id=123"},"modified":"2017-06-19T04:08:52","modified_gmt":"2017-06-19T04:08:52","slug":"green-card-through-tps","status":"publish","type":"page","link":"https:\/\/jessejbanuelos.com\/es\/green-card-through-tps\/","title":{"rendered":"mica por medio de tps"},"content":{"rendered":"<h2>LIC. JESSE J. BA\u00d1UELOS, ABOGADO DE INMIGRACI\u00d3N DE LOS ANGELES<\/h2>\n<div class=\"textblock\">\n<h3>MICAS PARA LOS QUE TIENEN TPS [ESTATUS DE PROTECCI\u00d3N TEMPORAL]<\/h3>\n<div class=\"textblock\">\n<p>Cualquier extranjero que entr\u00f3 a este pa\u00eds ilegalmente y luego:<\/p>\n<\/div>\n<div class=\"textblock\">\n<p>1. el USCIS le concedi\u00f3 TPS [TPS es Estatus de Protecci\u00f3n Temporal. El USCIS ha concedido TPS a ciudadanos de varios pa\u00edses, como El Salvador, Honduras, etc];<br \/>\n2. durante el tiempo que su TPS estaba vigente aplic\u00f3 para, y recibi\u00f3 una Venia de Reingreso [Advance Parole]&#8211;que es un permiso temporal que permite el reingreso legal a este pa\u00eds despu\u00e9s de un viaje al extranjero&#8211;del USCIS y luego viaj\u00f3 al extranjero; y<br \/>\n3. despu\u00e9s de regresar de su viaje al extranjero, el extranjero us\u00f3 su Venia de Reingreso para reingresar legalmente a este pa\u00eds. Ese reingreso legal lo hizo elegible para aplicar para <strong><a href=\"http:\/\/jessejbanuelos.com\/es\/green-card-through-family\/\">ajuste de estatus<\/a><\/strong>, o sea que ser\u00eda elegible para aplicar para una mica sin tener que salir de este pa\u00eds, si es el:<\/p>\n<ul>\n<li><i class=\"fa fa-caret-right\"><\/i>c\u00f3nyugue de un ciudadano Americano;<\/li>\n<li><i class=\"fa fa-caret-right\"><\/i>padre de un ciudadano Americano que sea mayor de 21 a\u00f1os; o<\/li>\n<li><i class=\"fa fa-caret-right\"><\/i>hijo soltero menor de 21 a\u00f1os de un ciudadano Americano.<\/li>\n<\/ul>\n<\/div>\n<div class=\"lead\">\n<p>NOTA: USCIS podr\u00eda conceder una Venia de Reingreso a un aplicante que tenga TPS o estatus de DACA si necesita viajar al extranjero con fines:<\/p>\n<ul>\n<li><i class=\"fa fa-caret-right\"><\/i>educativos, tales como programas en el extranjero de semestre o investigaci\u00f3n acad\u00e9mica;<\/li>\n<li><i class=\"fa fa-caret-right\"><\/i>de empleo, tales como misiones en el extranjero, entrevistas, conferencias, capacitaci\u00f3n o reuniones con clientes; o<\/li>\n<li><i class=\"fa fa-caret-right\"><\/i>humanitarios, tales como viajes para obtener tratamiento m\u00e9dico, para asistir a un funeral de un miembro de la familia, o para visitar a un pariente enfermo.<\/li>\n<\/ul>\n<\/div>\n<div class=\"textblock\">\n<h3>SI UD. QUIERE SABER SI ES ELEGIBLE PARA APLICAR PARA UNA MICA SIN TENER QUE SALIR DEL PA\u00cdS, HAGA FAVOR DE LLAMAR A NUESTRA OFICINA<\/h3>\n<p>Muchos extranjeros que viven en este pa\u00eds podr\u00edan conseguir una mica si aplicaran para un ajuste de estatus por un familiar, por TPS, DACA, etc., pero no lo saben. Si Ud. vive en este pa\u00eds y existe alg\u00fan modo legal para que Ud. aplique para ajuste de estatus por un familiar, por TPS, por DACA, o por alguna otra manera, el Lic. Ba\u00f1uelos lo encontrar\u00e1. Debido a que es trabajador y tenaz, el Lic. Ba\u00f1uelos ha estado resolviendo\u00a0<strong><a href=\"http:\/\/jessejbanuelos.com\/es\/our-victory\/\">exitosamente<\/a><\/strong>\u00a0problemas dif\u00edciles de inmigraci\u00f3n, y ha estado ganando casos dif\u00edciles de deportaci\u00f3n y de remoci\u00f3n\u00a0<strong><a href=\"http:\/\/jessejbanuelos.com\/es\/mr-banuelos-profile\/\">por mas de 20 a\u00f1os<\/a><\/strong>.<\/p>\n<\/div>\n","protected":false},"excerpt":{"rendered":"<p>LIC. JESSE J. BA\u00d1UELOS, ABOGADO DE INMIGRACI\u00d3N DE LOS ANGELES MICAS PARA LOS QUE TIENEN TPS [ESTATUS DE PROTECCI\u00d3N TEMPORAL] Cualquier extranjero que entr\u00f3 a este pa\u00eds ilegalmente y luego: 1. el USCIS le concedi\u00f3 TPS [TPS es Estatus de Protecci\u00f3n Temporal. El USCIS ha concedido TPS a ciudadanos de varios pa\u00edses, como El Salvador, &hellip; <a href=\"https:\/\/jessejbanuelos.com\/es\/green-card-through-tps\/\" class=\"more-link\">Continue reading <span class=\"screen-reader-text\">mica por medio de tps<\/span><\/a><\/p>\n","protected":false},"author":1,"featured_media":1367,"parent":0,"menu_order":0,"comment_status":"closed","ping_status":"closed","template":"fullpage.php","meta":{"_monsterinsights_skip_tracking":false,"_monsterinsights_sitenote_active":false,"_monsterinsights_sitenote_note":"","_monsterinsights_sitenote_category":0,"_uf_show_specific_survey":0,"_uf_disable_surveys":false,"iawp_total_views":173,"footnotes":""},"class_list":["post-123","page","type-page","status-publish","has-post-thumbnail","hentry"],"translation":{"provider":"WPGlobus","version":"3.0.2","language":"es","enabled_languages":["en","es"],"languages":{"en":{"title":true,"content":true,"excerpt":false},"es":{"title":true,"content":true,"excerpt":false}}},"aioseo_notices":[],"_links":{"self":[{"href":"https:\/\/jessejbanuelos.com\/es\/wp-json\/wp\/v2\/pages\/123","targetHints":{"allow":["GET"]}}],"collection":[{"href":"https:\/\/jessejbanuelos.com\/es\/wp-json\/wp\/v2\/pages"}],"about":[{"href":"https:\/\/jessejbanuelos.com\/es\/wp-json\/wp\/v2\/types\/page"}],"author":[{"embeddable":true,"href":"https:\/\/jessejbanuelos.com\/es\/wp-json\/wp\/v2\/users\/1"}],"replies":[{"embeddable":true,"href":"https:\/\/jessejbanuelos.com\/es\/wp-json\/wp\/v2\/comments?post=123"}],"version-history":[{"count":0,"href":"https:\/\/jessejbanuelos.com\/es\/wp-json\/wp\/v2\/pages\/123\/revisions"}],"wp:featuredmedia":[{"embeddable":true,"href":"https:\/\/jessejbanuelos.com\/es\/wp-json\/wp\/v2\/media\/1367"}],"wp:attachment":[{"href":"https:\/\/jessejbanuelos.com\/es\/wp-json\/wp\/v2\/media?parent=123"}],"curies":[{"name":"wp","href":"https:\/\/api.w.org\/{rel}","templated":true}]}}