{"id":60,"date":"2016-02-12T06:43:10","date_gmt":"2016-02-12T06:43:10","guid":{"rendered":"http:\/\/jessejbanuelos.com\/?page_id=60"},"modified":"2017-12-29T07:07:04","modified_gmt":"2017-12-29T07:07:04","slug":"personal-injury","status":"publish","type":"page","link":"http:\/\/jessejbanuelos.com\/es\/personal-injury\/","title":{"rendered":"CASOS DE ACCIDENTES"},"content":{"rendered":"<h2>Lic. Jesse J. Ba\u00f1uelos, Abogado de Los Angeles Para Accidentes<\/h2>\n<div class=\"textblock\">\n<h3>LUCHADOR DE LOS DERECHOS DE PERSONAS ACCIDENTADAS<\/h3>\n<p>Si Ud. result\u00f3 lesionado por causa de un accidente que fue culpa de otra persona, bajo la ley, no importa su estado migratorio, Ud. tiene derecho a entablar un reclamo por compensaci\u00f3n por todos sus da\u00f1os y perjuicios contra todos los partidos que sean responsables del accidente. Ya sea en un <strong><a href=\"http:\/\/jessejbanuelos.com\/es\/personal-injury\/\">accidente de auto<\/a><\/strong>, <strong><a href=\"http:\/\/jessejbanuelos.com\/es\/trucktrailer-accident\/\">accidente de cami\u00f3n<\/a><\/strong>, <strong><a href=\"http:\/\/jessejbanuelos.com\/es\/pedestrian-accident\/\">accidente de peat\u00f3n<\/a>, <a href=\"http:\/\/jessejbanuelos.com\/es\/bicycle-accident\/\">accidente de bicicleta<\/a><\/strong>, <a href=\"http:\/\/jessejbanuelos.com\/es\/motorcycle-accident\/\"><strong>accidente<\/strong> <strong>de motocicleta<\/strong><\/a>, <strong><a href=\"http:\/\/jessejbanuelos.com\/es\/bus-accident\/\">accidente de auto b\u00fas<\/a><\/strong>, <strong><a href=\"http:\/\/jessejbanuelos.com\/es\/slip-and-fall-accident\/\">accidente de resbalada y ca\u00edda<\/a><\/strong>, o de alguna otra clase de accidente, nuestra oficina puede darle asesorio gratis tocante a todos los puntos legales relevantes para su caso, determinar quienes son los partidos responsables, y tomar la acci\u00f3n legal necesaria contra ellos para que Ud. recupere toda la compensaci\u00f3n que se merezca.<\/p>\n<\/div>\n<div class=\"textblock\">\n<h3>ACCIDENTES DE AUTO<\/h3>\n<p>Millones de personas resultan lesionados en las carreteras cada a\u00f1o por causa de accidentes que se podr\u00edan prevenir. Estos mismos pueden ser causados por conductores descuidados que no obedecen las leyes de la carretera, que andan ebrios, etc.<\/p>\n<\/div>\n<div class=\"textblock\">\n<h3>ACCIDENTES DE BICICLETA<\/h3>\n<p>En los \u00faltimos a\u00f1os, mucha gente ha empezado a usar bicicletas como una manera de transportaci\u00f3n, de deporte, de diversi\u00f3n. Gracias a un clima templado, Los Angeles y sus alredores han aumentado la cantidad de rutas de bicicleta. Lamentablemente, un aumento en el n\u00famero de bicicletas en la carretera aumenta el n\u00famero de accidentes de bicicleta.<\/p>\n<\/div>\n<div class=\"textblock\">\n<h3>ACCIDENTES DE AUTOB\u00daS<\/h3>\n<p>Todos los d\u00edas, miles y miles de personas usan autobuses p\u00fablicos para ir a trabajar, a la escuela, y para otras vueltas. Cuando estas personas o los pasajeros de otros veh\u00edculos tienen un accidente con un autob\u00fas, pueden resultar seriamente lastimados.<\/p>\n<\/div>\n<div class=\"textblock\">\n<h3>ACCIDENTES DE MOTOCICLETA<\/h3>\n<p>Cuando est\u00e1n involucrados en un accidente, motociclistas corren un riezgo de resultar seriamente lesionados o de muerte mucho mas grande que los pasajeros de un veh\u00edculo. Porque los motociclistas no tienen nada que los proteja contra un veh\u00edculo o contra la carretera. Frequentemente, motoristas ven a motociclistas como estorbos, y por eso a veces no les dan el respeto o derecho que se les tiene que dar.<\/p>\n<\/div>\n<div class=\"textblock\">\n<h3>ACCIDENTES DE PEAT\u00d3N<\/h3>\n<p>Como motociclistas, peatones corren el riezgo de resultar seriamente lesionados o de muerte a causa de accidentes. En Los Angeles hay miles y miles de peatones que tienen que caminar en calles llenas de autos, camiones, autobuses, y motocicletas que a veces no los ven a tiempo para prevenir un accidente.<\/p>\n<\/div>\n<div class=\"textblock\">\n<h3>ACCIDENTES DE RESBALADAS Y CA\u00cdDAS<\/h3>\n<p>Un accidente de ca\u00edda y resbalada puede ocurrir cuando un due\u00f1o de propiedad no mantiene su propiedad en una forma sana y segura, ya sea propiedad privada, o propiedad p\u00fablica, como edificios de oficina, tiendas de abarrotes, malls, teatros de cine, restaurantes, mercados, y mucho mas.<\/p>\n<\/div>\n<div class=\"textblock\">\n<h3>RAZONES PORQUE DEBE LLAMAR A NUESTRA OFICINA INMEDIATAMENTE SI RESULT\u00d3 LASTIMADO POR CAUSA DE UN ACCIDENTE<\/h3>\n<ul>\n<li><i class=\"fa fa-caret-right\"><\/i>El Lic. Ba\u00f1uelos tiene<strong><a href=\"http:\/\/jessejbanuelos.com\/es\/mr-banuelos-profile\/\"> mas de 25 a\u00f1os<\/a><\/strong> tramitando casos de personas que han sido lesionadas por causa de un accidente;<\/li>\n<li><i class=\"fa fa-caret-right\"><\/i>El Lic. Ba\u00f1uelos <a href=\"http:\/\/jessejbanuelos.com\/es\/our-victory\/\"><strong>ha ayudado a mile<\/strong>s<\/a> de vict\u00edmas de accidentes a que recuperen la m\u00e1xima compensaci\u00f3n que se merecen;<\/li>\n<li><i class=\"fa fa-caret-right\"><\/i>El Lic. Ba\u00f1uelos, como todos los <strong><a href=\"http:\/\/jessejbanuelos.com\/es\/our-victory\/\">emigrantes triunfadores<\/a><\/strong> que llegaron a este pa\u00eds de <strong><a href=\"http:\/\/jessejbanuelos.com\/es\/mr-banuelos-profile\/\">or\u00edgenes muy humildes<\/a><\/strong>, es tenaz y trabajador;<\/li>\n<li><i class=\"fa fa-caret-right\"><\/i>Estamos dispuestos a darle asesor\u00eda\u00a0<u><strong>gratis<\/strong><\/u> sobre todos sus derechos legales como v\u00edctima de un accidente. Adem\u00e1s, si le es mas conveniente, mandaremos a uno de nuestros representantes a su casa\/hospital, a cualquier hora\/d\u00eda, incluyendo noches\/fines de semana;<\/li>\n<li><i class=\"fa fa-caret-right\"><\/i>Si despu\u00e9s de un accidente sus heridas\/lastimaduras requieren atenci\u00f3n m\u00e9dica, se la conseguiremos;<\/li>\n<li><i class=\"fa fa-caret-right\"><\/i>Si no ganamos, no cobramos; y<\/li>\n<li><i class=\"fa fa-caret-right\"><\/i>El Lic. Ba\u00f1uelos y todo el personal en nuestra oficina hablamos Espa\u00f1ol.<\/li>\n<\/ul>\n<\/div>\n","protected":false},"excerpt":{"rendered":"<p>Lic. Jesse J. Ba\u00f1uelos, Abogado de Los Angeles Para Accidentes LUCHADOR DE LOS DERECHOS DE PERSONAS ACCIDENTADAS Si Ud. result\u00f3 lesionado por causa de un accidente que fue culpa de otra persona, bajo la ley, no importa su estado migratorio, Ud. tiene derecho a entablar un reclamo por compensaci\u00f3n por todos sus da\u00f1os y perjuicios &hellip; <a href=\"http:\/\/jessejbanuelos.com\/es\/personal-injury\/\" class=\"more-link\">Continue reading <span class=\"screen-reader-text\">CASOS DE ACCIDENTES<\/span><\/a><\/p>\n","protected":false},"author":1,"featured_media":1355,"parent":0,"menu_order":0,"comment_status":"closed","ping_status":"closed","template":"fullpage.php","meta":{"_monsterinsights_skip_tracking":false,"_monsterinsights_sitenote_active":false,"_monsterinsights_sitenote_note":"","_monsterinsights_sitenote_category":0,"_uf_show_specific_survey":0,"_uf_disable_surveys":false,"iawp_total_views":65,"footnotes":""},"class_list":["post-60","page","type-page","status-publish","has-post-thumbnail","hentry"],"translation":{"provider":"WPGlobus","version":"3.0.2","language":"es","enabled_languages":["en","es"],"languages":{"en":{"title":true,"content":true,"excerpt":false},"es":{"title":true,"content":true,"excerpt":false}}},"aioseo_notices":[],"_links":{"self":[{"href":"http:\/\/jessejbanuelos.com\/es\/wp-json\/wp\/v2\/pages\/60","targetHints":{"allow":["GET"]}}],"collection":[{"href":"http:\/\/jessejbanuelos.com\/es\/wp-json\/wp\/v2\/pages"}],"about":[{"href":"http:\/\/jessejbanuelos.com\/es\/wp-json\/wp\/v2\/types\/page"}],"author":[{"embeddable":true,"href":"http:\/\/jessejbanuelos.com\/es\/wp-json\/wp\/v2\/users\/1"}],"replies":[{"embeddable":true,"href":"http:\/\/jessejbanuelos.com\/es\/wp-json\/wp\/v2\/comments?post=60"}],"version-history":[{"count":0,"href":"http:\/\/jessejbanuelos.com\/es\/wp-json\/wp\/v2\/pages\/60\/revisions"}],"wp:featuredmedia":[{"embeddable":true,"href":"http:\/\/jessejbanuelos.com\/es\/wp-json\/wp\/v2\/media\/1355"}],"wp:attachment":[{"href":"http:\/\/jessejbanuelos.com\/es\/wp-json\/wp\/v2\/media?parent=60"}],"curies":[{"name":"wp","href":"https:\/\/api.w.org\/{rel}","templated":true}]}}