{"id":23,"date":"2016-02-09T12:44:31","date_gmt":"2016-02-09T12:44:31","guid":{"rendered":"http:\/\/tridibesh\/NARAYANPRASAD\/jesse\/wordpress\/?page_id=23"},"modified":"2026-04-27T23:54:11","modified_gmt":"2026-04-27T23:54:11","slug":"life-in-mr-banuelos-ranch","status":"publish","type":"page","link":"http:\/\/jessejbanuelos.com\/es\/life-in-mr-banuelos-ranch\/","title":{"rendered":"LIFE IN MR. BA\u00d1UELOS\u2019 RANCH"},"content":{"rendered":"<h2>RECUERDOS DE MI VIDA EN <em>LAS MORAS<\/em><\/h2>\n<div class=\"textblock\">\n<p>Estoy muy orgulloso de haber nacido en un <em>jacal<\/em> de <em>adobe<\/em> en <strong><em><a href=\"http:\/\/jessejbanuelos.com\/es\/mr-banuelos-profile\/\">Las Moras<\/a><\/em><\/strong>, un peque\u00f1o rancho en <em>Zacatecas<\/em>, M\u00e9xico, donde tambi\u00e9n pas\u00e9 mi ni\u00f1\u00e9z. Tengo muchos recuerdos muy bonitos de mi vida en las <strong><em>Las Moras<\/em><\/strong>. Uno de los mas gratos es<span class=\"Y2IQFc\" lang=\"es\"> que cuando yo ten\u00eda cinco a\u00f1os de edad, <\/span>mi Ap\u00e1 me empez\u00f3 a llevar al campo para que le ayudara a sembrar ma\u00edz. Cuando regres\u00e1bamos a casa al atardecer, mi Am\u00e1 y mis hermanos nos estab\u00e1n esperando para que disfrut\u00e1ramos de la deliciosa comida que mi Am\u00e1 nos hab\u00eda preparado. Un ni\u00f1o, como yo era en aquel entonces, no necesita mas para ser feliz. Por eso los a\u00f1os que vivi en <em><strong>Las Moras<\/strong><\/em> fueron los a\u00f1os mas felices de mi vida.<em>\u00a0<\/em><\/p>\n<\/div>\n<div class=\"textblock\">\n<p><strong>Aunque mi Ap\u00e1 y yo pas\u00e1bamos el dia laboreando bajo un sol muy caliente, me encantaba trabajar en el campo con el<\/strong><\/p>\n<\/div>\n<div class=\"textblock\">\n<p>Mi Ap\u00e1 y yo empez\u00e1bamos a trabajar en el campo al clarear el alba en la temporada de la siembra. El abr\u00eda surcos con un arado y yo, caminando detras de el, tiraba semillas de ma\u00edz en los surcos recien abiertos. Aunque trabaj\u00e1bamos bajo un sol caliente todo el d\u00eda, me encantaba trabajar en el campo con el. Sin embargo, como yo era un poco torpe, estoy seguro que a veces era mas estorbo que ayuda.<\/p>\n<\/div>\n<div class=\"textblock\">\n<p><strong><em>Solovino<\/em> sab\u00eda cuando <em>La Muerte<\/em> andaba rondando<\/strong><\/p>\n<\/div>\n<div class=\"textblock\">\n<p>Cuando yo ten\u00eda ocho a\u00f1os, un perrito <em><strong>P<\/strong><strong>rieto,<\/strong><\/em> callejero, a quien nombr\u00e9 <em>Solovino,<\/em> lleg\u00f3 a nuestro jacal y entr\u00f3 a mi vida. Un d\u00eda, <em>Solovino, <\/em>mi<em> Am\u00e1, <\/em>y yo fuimos a ver a uno de mis t\u00edos quien padec\u00eda de cancer, dec\u00eda la gente. Como no hab\u00eda doctor en <em>Las<\/em> <em>Moras<\/em>, si algui\u00e9n se enfermaba se curaba con remedios caseros o se mor\u00eda porque casi nadie ten\u00eda dinero para ir al doctor en <strong><em><a href=\"http:\/\/jessejbanuelos.com\/es\/mr-banuelos-profile\/\">Tlaltenango<\/a><\/em><\/strong><em>, <\/em>el pueblo m\u00e1s cercano a <em>Las Moras.<\/em> Esa tarde, regres\u00e1mos a casa muy contentos porque mi Am\u00e1 estaba segura que mi t\u00edo se iba a aliviar. Seg\u00fan ella, se ve\u00eda mucho mejor que cuando lo hab\u00eda visto un mes antes. A la media noche, <em>Solovino<\/em> solt\u00f3 unos aullidos escalofriantes. Tristemente, el d\u00eda siguiente, la familia de mi t\u00edo nos avis\u00f3 que hab\u00eda muerto en la media noche. Desde entonces me enter\u00e9 que <em>Solovino<\/em> sab\u00eda cuando <em>La<\/em> <em>Muerte<\/em> andaba rondando. Despu\u00e9s, cuando algui\u00e9n mor\u00eda en <em>Las Moras, <\/em>yo lo sab\u00eda inmediatamente porque <em>Solovino<\/em> lo anunciaba.<\/p>\n<\/div>\n<div class=\"textblock\">\n<h5>Cuando <em>La Muerte<\/em> me andaba acechando, <em>Solovino<\/em> me salv\u00f3 la vida dos veces<\/h5>\n<p>Una ma\u00f1ana, cuando <em>Solovino<\/em> y yo and\u00e1bamos juntando le\u00f1a para mi Am\u00e1, <em>Solovino<\/em> empez\u00f3 a gru\u00f1ir y se puso muy nervioso. Luego, un coyote sali\u00f3 como disparado por detr\u00e1s de unos arbustos hacia mi. S<em>olovino<\/em> se le lanz\u00f3 como un rayo. Despu\u00e9s de pelear con <em>Solovino<\/em> por unos minutos, el coyote huy\u00f3. Al pasar las semanas, <span class=\"Y2IQFc\" lang=\"es\"><em>Solovino<\/em> cambi\u00f3 de ser alegre y juguet\u00f3n a gru\u00f1\u00f3n, corajudo, y <\/span><span class=\"Y2IQFc\" lang=\"es\">empez\u00f3 a babear. <\/span>Luego, desapareci\u00f3. Cuando lo encontr\u00e9 a los pocos d\u00edas, estaba muerto. Como fuimos inseparables cuando vivia, por mucho tiempo despu\u00e9s de su muerte, no pod\u00eda entender porque me dej\u00f3. Con el tiempo, comprendi que me dej\u00f3 porque sab\u00eda que mientras la rabia lo estaba matando, <em>La Muerte<\/em> me andaba acechando. Nunca olvidar\u00e9 que S<em>olovino <\/em>me salv\u00f3 la vida dos veces y que di\u00f3 su vida por la m\u00eda. Por eso cada vez que escucho la canci\u00f3n <strong>&#8220;<a href=\"https:\/\/www.youtube.com\/watch?v=nRFav82tuTQ\"><em>Caballo Prieto Azabache,<\/em><\/a><em>\u201d<\/em><\/strong> me llena de tanta tristeza que a veces me pongo a llorar.<\/p>\n<\/div>\n<div class=\"textblock\">\n<p><strong>A llegado la &#8220;Gran Novedad&#8221;. . . al fin<\/strong><\/p>\n<\/div>\n<div class=\"textblock\">\n<p>Despu\u00e9s de casarse con una j\u00f3ven de otro rancho en una iglesia en <em>Tlaltenango<\/em>, mi t\u00edo <em>Jos\u00e9 Paz <\/em>iba a <span class=\"Y2IQFc\" lang=\"es\">traer a su novia a <em>Las Moras <\/em>para una celebraci\u00f3n <\/span>en un carro del a\u00f1o que su hermano <em>Luis<\/em> se hab\u00eda traido de <em>El\u00a0Norte<\/em>. Como no hab\u00eda carreteras en <em>Las Moras<\/em>, d\u00edas antes de la boda, varias personas se pusieron a escombrar un camino para que el carro pasara. El d\u00eda de la boda, cuando el carro iba llegando, yo, y mucha gente de <em>Las Moras,<\/em> nos orillamos a la nueva carretera para ver la &#8220;Gran Novedad.&#8221; Esa fue la primera vez que v\u00ed a un carro.<\/p>\n<\/div>\n<div class=\"textblock\">\n<p><strong>Ha llegado la hora de ba\u00f1arse . . . ni modo<\/strong><\/p>\n<\/div>\n<div class=\"textblock\">\n<p>Aunque no hab\u00eda agua potable en <em>Las Moras, <\/em>hab\u00eda un pozo de agua y un arroyo cerca de nuestro jacal. En la temporada de las lluvias, cuando el pozo y el arroyo se llenaban, hab\u00eda agua para todo. En la temporada de las secas, cuando el arroyo se secaba y el agua del pozo se bajaba, el agua del pozo se usaba solo para beber y cocinar. De vez en cuando, en la temporada de las secas, mi Am\u00e1 llenaba una tina de agua fr\u00eda del pozo. Con esa agua, mis hermanos y yo nos ten\u00edamos que ba\u00f1ar. Como soy el mayor, yo siempre era el \u00faltimo.<\/p>\n<\/div>\n<div class=\"textblock\">\n<div class=\"textblock\">\n<p><strong>Nuestra familia se fue de <em>Las Moras<\/em> con la esperanza de empezar una nueva vida con un futuro mejor\u00a0<\/strong><\/p>\n<\/div>\n<div class=\"textblock\">\n<div class=\"textblock\">\n<p>En <em>Las Moras<\/em>, los hombres trabajaban de sol a sol, laboreando en su tierra o atendiendo a su ganado. Los que no ten\u00edan tierra o ganado, como mi Ap\u00e1, trabajaban para otros. Aunque se &#8220;mataban&#8221; trabajando, apenas sobreviv\u00edan. Cansados de trabajar por una miseria, con el tiempo, la mayor\u00eda de ellos, como mi Ap\u00e1, viajaban a <em>El Norte<\/em> cada a\u00f1o a trabajar por una temporada porque en<em> El Norte<\/em> se ganaba dinero a manos llenas sin &#8220;matarse&#8221;, dec\u00eda la gente. Aunque al principio todos se iban y ven\u00edan, con el tiempo, la mayor\u00eda de ellos, como mi Ap\u00e1, se establec\u00eda en <em>El Norte.<\/em> Con el tiempo, se llevavan a sus familias a <em>El Norte<\/em>. <span class=\"Y2IQFc\" lang=\"es\">Lleg\u00f3 el d\u00eda en que mi Ap\u00e1 nos trajo a <em>Tijuana<\/em> donde vivimos por dos a\u00f1os. Luego, nos trajo a El Monte, CA, donde el ya se habia establecido, y donde empez\u00e1mos una nueva vida.<\/span><\/p>\n<\/div>\n<div class=\"textblock\">\n<h3>RECUERDOS EN FOTOGRAF\u00cdAS DE <em>LAS<\/em> <em>MORAS<\/em><\/h3>\n<div class=\"photosection\">\n<ul>\n<li>\n<div class=\"pix\"><img decoding=\"async\" src=\"https:\/\/jessejbanuelos.com\/wp-content\/themes\/jesse\/images\/photo1.jpg\" alt=\"\" \/><\/div>\n<p>Nuestro jacal donde nac\u00ed y donde pas\u00e9 ni\u00f1ez, el tiempo mas feliz de mi vida.<\/li>\n<li><img decoding=\"async\" src=\"https:\/\/jessejbanuelos.com\/wp-content\/themes\/jesse\/images\/photo2.jpg\" alt=\"\" \/>Reto\u00f1os de ma\u00edz detr\u00e1s del jacal durante la temporada de la siembra.<\/li>\n<li>\n<div class=\"pix\"><img decoding=\"async\" src=\"https:\/\/jessejbanuelos.com\/wp-content\/themes\/jesse\/images\/photo3.jpg\" alt=\"\" \/><\/div>\n<p>Arroyo cerca del jacal despu\u00e9s de una tormenta en la temporada de las lluvias.<\/li>\n<li>\n<div class=\"pix\"><img decoding=\"async\" src=\"https:\/\/jessejbanuelos.com\/wp-content\/themes\/jesse\/images\/photo4.jpg\" alt=\"\" \/><\/div>\n<p>Arroyo, donde jugu\u00e9 con mis hermanos, se esta secando porque la temporada de las lluvias se acab\u00f3.<\/li>\n<\/ul>\n<\/div>\n<\/div>\n<\/div>\n<\/div>\n","protected":false},"excerpt":{"rendered":"<p>RECUERDOS DE MI VIDA EN LAS MORAS Estoy muy orgulloso de haber nacido en un jacal de adobe en Las Moras, un peque\u00f1o rancho en Zacatecas, M\u00e9xico, donde tambi\u00e9n pas\u00e9 mi ni\u00f1\u00e9z. Tengo muchos recuerdos muy bonitos de mi vida en las Las Moras. Uno de los mas gratos es que cuando yo ten\u00eda cinco &hellip; <a href=\"http:\/\/jessejbanuelos.com\/es\/life-in-mr-banuelos-ranch\/\" class=\"more-link\">Continue reading <span class=\"screen-reader-text\">LIFE IN MR. BA\u00d1UELOS\u2019 RANCH<\/span><\/a><\/p>\n","protected":false},"author":1,"featured_media":0,"parent":0,"menu_order":0,"comment_status":"closed","ping_status":"closed","template":"fullpage.php","meta":{"_monsterinsights_skip_tracking":false,"_monsterinsights_sitenote_active":false,"_monsterinsights_sitenote_note":"","_monsterinsights_sitenote_category":0,"_uf_show_specific_survey":0,"_uf_disable_surveys":false,"iawp_total_views":265,"footnotes":""},"class_list":["post-23","page","type-page","status-publish","hentry"],"translation":{"provider":"WPGlobus","version":"3.0.2","language":"es","enabled_languages":["en","es"],"languages":{"en":{"title":true,"content":true,"excerpt":false},"es":{"title":false,"content":true,"excerpt":false}}},"aioseo_notices":[],"_links":{"self":[{"href":"http:\/\/jessejbanuelos.com\/es\/wp-json\/wp\/v2\/pages\/23","targetHints":{"allow":["GET"]}}],"collection":[{"href":"http:\/\/jessejbanuelos.com\/es\/wp-json\/wp\/v2\/pages"}],"about":[{"href":"http:\/\/jessejbanuelos.com\/es\/wp-json\/wp\/v2\/types\/page"}],"author":[{"embeddable":true,"href":"http:\/\/jessejbanuelos.com\/es\/wp-json\/wp\/v2\/users\/1"}],"replies":[{"embeddable":true,"href":"http:\/\/jessejbanuelos.com\/es\/wp-json\/wp\/v2\/comments?post=23"}],"version-history":[{"count":3,"href":"http:\/\/jessejbanuelos.com\/es\/wp-json\/wp\/v2\/pages\/23\/revisions"}],"predecessor-version":[{"id":44327,"href":"http:\/\/jessejbanuelos.com\/es\/wp-json\/wp\/v2\/pages\/23\/revisions\/44327"}],"wp:attachment":[{"href":"http:\/\/jessejbanuelos.com\/es\/wp-json\/wp\/v2\/media?parent=23"}],"curies":[{"name":"wp","href":"https:\/\/api.w.org\/{rel}","templated":true}]}}