{"id":2,"date":"2016-02-09T10:31:13","date_gmt":"2016-02-09T10:31:13","guid":{"rendered":"http:\/\/tridibesh\/NARAYANPRASAD\/jesse\/wordpress\/?page_id=2"},"modified":"2026-03-12T02:41:14","modified_gmt":"2026-03-12T02:41:14","slug":"home","status":"publish","type":"page","link":"http:\/\/jessejbanuelos.com\/es\/","title":{"rendered":"Home"},"content":{"rendered":"<div class=\"welcome\">\n<h1 style=\"text-align: center;\"><span style=\"font-family: arial, helvetica, sans-serif; font-size: 24pt;\">BIENVENIDOS A NUESTRA PAGINA<\/span><\/h1>\n<p>El Lic. Jesse J. Ba\u00f1uelos ha <strong><a href=\"http:\/\/jessejbanuelos.com\/es\/our-victory\/\">ganado<\/a><\/strong> miles de casos dif\u00edciles de accidentes y de inmigraci\u00f3n. Por mas de 30 a\u00f1os, ha luchado por los derechos de miles de personas, ya sea consiguiendo compensaci\u00f3n justa para v\u00edctimas de accidentes; ya sea ayudando a muchos a conseguir una mica; ya sea ayudando a otros que ya ten\u00edan mica a que la retuvieran cuando estaban a punto de perderla debido a alg\u00fan delito, o alguna violaci\u00f3n de la leyes de inmigraci\u00f3n, etc.; ya sea ayudando a otros a obtener ciudadan\u00eda Americana; ya sea defendiendo a otros tantos contra deportaci\u00f3n, etc. Para ganar casos dif\u00edciles se necesita ser muy trabajador y luchador. El Lic. Ba\u00f1uelos aprendi\u00f3 a trabajar a una edad muy temprana debido a que en <em>Las Moras<\/em>, el rancho en M\u00e9xico donde naci\u00f3 y donde vivi\u00f3 durante su ni\u00f1ez, su padre lo empez\u00f3 a llevar al campo para ense\u00f1arle a trabajar la tierra cuando el Lic. Ba\u00f1uelos tenia cinco a\u00f1os de edad. Tambi\u00e9n es luchador porque, dado sus origenes muy humildes, para llegar a ser abogado en este pa\u00eds tuvo que superar innumerables obst\u00e1culos.<\/p>\n<\/div>\n<div class=\"welcome\">\n<h1 style=\"text-align: center;\"><span style=\"font-family: arial, helvetica, sans-serif; font-size: 24pt;\">HOMENAJE A MIS PADRES, A M\u00c9XICO Y A ESTE PA\u00cdS<\/span><\/h1>\n<p>Debido a que mis padres me ense\u00f1aron a trabajar y a luchar por mis sue\u00f1os, he aprovechado las innumerables oportunidades que este Gran pa\u00eds me ha dado. Gracias a esas oportunidades, he hecho lo que nunca ni siquiera me atrevi a so\u00f1ar cuando vivia en Mexico. La Grandeza de este pa\u00eds es que mi historia tambi\u00e9n es la historia de otros incontables inmigrantes quienes, como yo, llegaron a este pa\u00eds de or\u00edgenes humildes, y han hecho lo mismo que yo.<\/p>\n<\/div>\n","protected":false},"excerpt":{"rendered":"<p>BIENVENIDOS A NUESTRA PAGINA El Lic. Jesse J. Ba\u00f1uelos ha ganado miles de casos dif\u00edciles de accidentes y de inmigraci\u00f3n. Por mas de 30 a\u00f1os, ha luchado por los derechos de miles de personas, ya sea consiguiendo compensaci\u00f3n justa para v\u00edctimas de accidentes; ya sea ayudando a muchos a conseguir una mica; ya sea ayudando &hellip; <a href=\"http:\/\/jessejbanuelos.com\/es\/\" class=\"more-link\">Continue reading <span class=\"screen-reader-text\">Home<\/span><\/a><\/p>\n","protected":false},"author":1,"featured_media":0,"parent":0,"menu_order":0,"comment_status":"closed","ping_status":"closed","template":"fullpage.php","meta":{"_monsterinsights_skip_tracking":false,"_monsterinsights_sitenote_active":false,"_monsterinsights_sitenote_note":"","_monsterinsights_sitenote_category":0,"_uf_show_specific_survey":0,"_uf_disable_surveys":false,"iawp_total_views":4928,"footnotes":""},"class_list":["post-2","page","type-page","status-publish","hentry"],"translation":{"provider":"WPGlobus","version":"3.0.2","language":"es","enabled_languages":["en","es"],"languages":{"en":{"title":true,"content":true,"excerpt":false},"es":{"title":false,"content":true,"excerpt":false}}},"aioseo_notices":[],"_links":{"self":[{"href":"http:\/\/jessejbanuelos.com\/es\/wp-json\/wp\/v2\/pages\/2","targetHints":{"allow":["GET"]}}],"collection":[{"href":"http:\/\/jessejbanuelos.com\/es\/wp-json\/wp\/v2\/pages"}],"about":[{"href":"http:\/\/jessejbanuelos.com\/es\/wp-json\/wp\/v2\/types\/page"}],"author":[{"embeddable":true,"href":"http:\/\/jessejbanuelos.com\/es\/wp-json\/wp\/v2\/users\/1"}],"replies":[{"embeddable":true,"href":"http:\/\/jessejbanuelos.com\/es\/wp-json\/wp\/v2\/comments?post=2"}],"version-history":[{"count":2,"href":"http:\/\/jessejbanuelos.com\/es\/wp-json\/wp\/v2\/pages\/2\/revisions"}],"predecessor-version":[{"id":43677,"href":"http:\/\/jessejbanuelos.com\/es\/wp-json\/wp\/v2\/pages\/2\/revisions\/43677"}],"wp:attachment":[{"href":"http:\/\/jessejbanuelos.com\/es\/wp-json\/wp\/v2\/media?parent=2"}],"curies":[{"name":"wp","href":"https:\/\/api.w.org\/{rel}","templated":true}]}}