{"id":153,"date":"2016-02-12T07:41:01","date_gmt":"2016-02-12T07:41:01","guid":{"rendered":"http:\/\/jessejbanuelos.com\/?page_id=153"},"modified":"2019-01-18T20:08:03","modified_gmt":"2019-01-18T20:08:03","slug":"obamas-plan-for-parents","status":"publish","type":"page","link":"http:\/\/jessejbanuelos.com\/es\/obamas-plan-for-parents\/","title":{"rendered":"PLAN DE OBAMA PARA PADRES"},"content":{"rendered":"<h2>LIC. JESSE J. BA\u00d1UELOS, ABOGADO DE INMIGRACI\u00d3N DE LOS ANGELES<\/h2>\n<h3 class=\"textblock\">MICA SIN TENER QUE SALIR DEL PA\u00cdS CON PAROLE IN PLACE (PIP) POR MEDIO DE UN FAMILIAR INMEDIATO EN LA MILITAR<\/h3>\n<p><strong>\u00bfQu\u00e9 es Parole in Place [PIP]?<\/strong><br \/>\nParole in Place [permiso de permanencia temporal] es un estatus que permite a los familiares indocumentados de aquellos que est\u00e1n en las Fuerzas Armadas de este pa\u00eds el derecho a residir legalmente en temporadas de un a\u00f1o en este pa\u00eds, y de calificar para ciertos beneficios. Estos beneficios incluyen la elegibilidad para la autorizaci\u00f3n de empleo, y para algunos individuos, la elegibilidad para solicitar un ajuste de estatus-para solicitar una mica sin tener que salir de este pa\u00eds. El Departamento de Seguridad Nacional [DHS] patrocina a personas en este pa\u00eds por razones humanitarias, o cuando es en el inter\u00e9s p\u00fablico significativo en casos en los que de otra forma no calificar\u00edan para entrar con una visa. PIP, por otra parte, es el t\u00e9rmino usado por DHS al otorgar permanencia temporal a personas que ya est\u00e1n f\u00edsicamente presentes en este pais despu\u00e9s de una entrada sin inspecci\u00f3n [ilegalmente].<\/p>\n<div class=\"textblock\"><\/div>\n<p><strong>\u00bfQui\u00e9n califica para PIP?<\/strong><br \/>\nLos c\u00f3nyuges, padres e hijos [que esten solteros y que sean menores de 21 a\u00f1os] indocumentados de los que:<br \/>\na). Est\u00e1n sirviendo como miembros de servicio activo de las Fuerzas Armadas de este pais;<br \/>\nb). Son miembros actuales de la Reserva Selecta o la Reserva Lista; o<br \/>\nc). Anteriormente sirvieron en las Fuerzas Armadas de este pais, en la Reserva Seleccionada, o de la Reserva Lista.<\/p>\n<p>NOTA: el indocumentado debe haber entrado al pa\u00eds ilegalmente durante su mas reciente entrada, y debe de tener estatus de indocumentado cuando aplique para PIP.<\/p>\n<p><strong>\u00bfCu\u00e1les son los beneficios de PIP?<\/strong><br \/>\n1). <strong>Los c\u00f3nyuges, los hijos (solteros y que tengan menos de 21), y los padres de los ciudadanos de este pa\u00eds &#8211; parientes inmediatos &#8211; pueden aplicar para ajuste de estatus [para una mica sin tener que salir de este pa\u00eds] despu\u00e9s de que se les concede la PIP<\/strong>. Otros inmigrantes en situaciones similares cuyos familiares no son miembros de la miliatar de este pa\u00eds no est\u00e1n autorizados a ajustar su estatus, sino que deben salir de este pa\u00eds como parte del &#8220;tr\u00e1mite consular&#8221; para completar su solicitud para una mica, a raz\u00f3n de cual estan sujetos a una barra de diez a\u00f1os al regresar a este pa\u00eds, como un castigo por haber vivido ilegalmente en este pa\u00eds. Esta barra ha impedido a muchos familiares que no son ciudadanos de miembros del servicio militar a que soliciten una mica. (el <a href=\"http:\/\/jessejbanuelos.com\/es\/provisional-i-601a-waiver\/\"><strong>&#8220;perd\u00f3n provisional&#8221;<\/strong><\/a> puede ayudar con esto, pero no todos califican para este perd\u00f3n). El aplicante debe ser &#8220;admisible&#8221; para ajustar su estatus. Hay muchas razones por las\u00a0cuales una persona puede ser <strong><a href=\"http:\/\/jessejbanuelos.com\/es\/petition-for-waiver\/\">inadmisible<\/a><\/strong>. PIP elimina el motivo de inadmisibilidad que sea por presencia ilegal. Es el \u00fanico que motivo de inadmisibilidad que elimina; y<br \/>\n2). <strong>Si el miembro militar es s\u00f3lo un residente permanente legal, el c\u00f3nyuge, padre o hijo todav\u00eda se beneficiar\u00edan de PIP porque ser\u00edan elegibles para la autorizaci\u00f3n de empleo [un permiso de trabajo]<\/strong>.<\/p>\n","protected":false},"excerpt":{"rendered":"<p>LIC. JESSE J. BA\u00d1UELOS, ABOGADO DE INMIGRACI\u00d3N DE LOS ANGELES MICA SIN TENER QUE SALIR DEL PA\u00cdS CON PAROLE IN PLACE (PIP) POR MEDIO DE UN FAMILIAR INMEDIATO EN LA MILITAR \u00bfQu\u00e9 es Parole in Place [PIP]? Parole in Place [permiso de permanencia temporal] es un estatus que permite a los familiares indocumentados de aquellos &hellip; <a href=\"http:\/\/jessejbanuelos.com\/es\/obamas-plan-for-parents\/\" class=\"more-link\">Continue reading <span class=\"screen-reader-text\">PLAN DE OBAMA PARA PADRES<\/span><\/a><\/p>\n","protected":false},"author":1,"featured_media":1367,"parent":0,"menu_order":0,"comment_status":"closed","ping_status":"closed","template":"fullpage.php","meta":{"_monsterinsights_skip_tracking":false,"_monsterinsights_sitenote_active":false,"_monsterinsights_sitenote_note":"","_monsterinsights_sitenote_category":0,"_uf_show_specific_survey":0,"_uf_disable_surveys":false,"iawp_total_views":111,"footnotes":""},"class_list":["post-153","page","type-page","status-publish","has-post-thumbnail","hentry"],"translation":{"provider":"WPGlobus","version":"3.0.2","language":"es","enabled_languages":["en","es"],"languages":{"en":{"title":true,"content":true,"excerpt":false},"es":{"title":true,"content":true,"excerpt":false}}},"aioseo_notices":[],"_links":{"self":[{"href":"http:\/\/jessejbanuelos.com\/es\/wp-json\/wp\/v2\/pages\/153","targetHints":{"allow":["GET"]}}],"collection":[{"href":"http:\/\/jessejbanuelos.com\/es\/wp-json\/wp\/v2\/pages"}],"about":[{"href":"http:\/\/jessejbanuelos.com\/es\/wp-json\/wp\/v2\/types\/page"}],"author":[{"embeddable":true,"href":"http:\/\/jessejbanuelos.com\/es\/wp-json\/wp\/v2\/users\/1"}],"replies":[{"embeddable":true,"href":"http:\/\/jessejbanuelos.com\/es\/wp-json\/wp\/v2\/comments?post=153"}],"version-history":[{"count":0,"href":"http:\/\/jessejbanuelos.com\/es\/wp-json\/wp\/v2\/pages\/153\/revisions"}],"wp:featuredmedia":[{"embeddable":true,"href":"http:\/\/jessejbanuelos.com\/es\/wp-json\/wp\/v2\/media\/1367"}],"wp:attachment":[{"href":"http:\/\/jessejbanuelos.com\/es\/wp-json\/wp\/v2\/media?parent=153"}],"curies":[{"name":"wp","href":"https:\/\/api.w.org\/{rel}","templated":true}]}}