{"id":150,"date":"2016-02-12T07:40:27","date_gmt":"2016-02-12T07:40:27","guid":{"rendered":"http:\/\/jessejbanuelos.com\/?page_id=150"},"modified":"2017-06-15T22:00:28","modified_gmt":"2017-06-15T22:00:28","slug":"defenses-vs-deportation","status":"publish","type":"page","link":"http:\/\/jessejbanuelos.com\/es\/defenses-vs-deportation\/","title":{"rendered":"defensas vs. deportaci\u00f3n"},"content":{"rendered":"<h2>LIC. JESSE J. BA\u00d1UELOS, ABOGADO DE INMIGRACI\u00d3N DE LOS ANGELES<\/h2>\n<div class=\"textblock\">\n<h3>DEFENSAS CONTRA DEPORTACI\u00d3N\/REMOCI\u00d3N<\/h3>\n<p>Un extranjero que esta en este pa\u00eds ilegalmente est\u00e1 sujeto a ser deportado o removido en cualquier momento porque no tiene derecho de estar aqu\u00ed. A pesar de que un residente permanente legal [una persona con una mica] tiene derecho a estar, y a vivir, en este pa\u00eds, tambi\u00e9n puede ser deportado o removido por varias razones, incluyendo convicciones de ciertos delitos, o violaciones de las leyes de inmigraci\u00f3n, como el tr\u00e1fico il\u00edcito de personas, el decir que es ciudadano Americano, etc [<strong>procesos de deportaci<\/strong><strong>\u00f3<\/strong><strong>n son procesos en la corte de inmigraci\u00f3n que empezaron antes de Abril 1, 1997. Por lo cual, una orden de expulsi\u00f3n emitida por una corte en esos procesos es una orden de deportaci\u00f3n. Procesos de remoci<\/strong><strong>\u00f3<\/strong><strong>n son procesos en la corte de inmigraci<\/strong><strong>\u00f3<\/strong><strong>n que <\/strong><strong>empezaron en o despu\u00e9s de Abril 1, 1997. <\/strong><strong>Por lo cual, una orden de expulsi\u00f3n emitida por una corte en esos procesos es una orden de remoci\u00f3n<\/strong>]. Si Ud. esta en procesos de deportaci\u00f3n\/remoci\u00f3n, debido a que esos procesos podr\u00edan terminar en la emisi\u00f3n de un orden de deportaci\u00f3n\/remoci\u00f3n contra Ud. y su destierro por vida de este pa\u00eds, lo mas prudente que Ud. puede hacer es contratar a un abogado de inmigraci\u00f3n para que lo defienda. Despu\u00e9s, si es deportado\/removido de este pa\u00eds depender\u00e1, en muchos casos, en la tenacidad y experiencia de su abogado.<\/p>\n<\/div>\n<div class=\"textblock\">\n<h3>DEFENSAS CONTRA DEPORTACI\u00d3N\/REMOCI\u00d3N DE EXTRANJEROS INDOCUMENTADOS<\/h3>\n<div class=\"textblock\">\n<p>1. <strong>CIUDADAN<strong>\u00cd<\/strong>A AMERICANA<\/strong>. Si Ud. es <a href=\"http:\/\/jessejbanuelos.com\/es\/petition-for-us-citizenship\/\"><strong>ciudadano Americano<\/strong><\/a>, no puede ser deportado\/removido de este pa\u00eds. Ud. podr\u00eda ser ciudadano Americano si cuando naci\u00f3, al menos uno de sus abuelos o padres era ciudadano Americano;<\/p>\n<p>2. <strong>MICA POR MEDIO DE UN FAMILIAR<\/strong>. Si Ud. tiene un c\u00f3nyuge, padre, madre que sea ciudadano Americano, o que tenga mica\/un hijo que sea ciudadano Americano mayor de 21 a\u00f1os, Ud. podr\u00eda ser elegible para un <strong><a href=\"http:\/\/jessejbanuelos.com\/es\/green-card-through-family\/\">ajuste de estatus<\/a><\/strong> o una<strong> <a href=\"http:\/\/jessejbanuelos.com\/es\/green-card-through-family\/\">visa de emigrante<\/a><\/strong> que lo pondr\u00eda en camino a una mica;<\/p>\n<p>3. <strong>MICA COMO V\u00cdCTIMA DE VIOLENCIA DOM\u00c9STICA<\/strong>. Si Ud. ha sido v\u00edctima de abuso o mal trato por su padre, madre, c\u00f3nyuge que sea ciudadano Americano, o que tenga mica, Ud. podr\u00eda ser elegible para una mica como una <a href=\"http:\/\/jessejbanuelos.com\/es\/green-card-for-abuse-victim\/\"><strong>v\u00edctima de<\/strong> <strong>violencia dom\u00e9stica<\/strong><\/a>;<\/p>\n<p>4. <strong>SUSPENCI<strong><strong>\u00d3<\/strong><\/strong>N DE DEPORTACI\u00d3N O CANCELACI<strong><strong>\u00d3<\/strong><\/strong>N DE REMOCI<strong>\u00d3<\/strong>N<\/strong>. Si Ud. ha vivido continuamente en este pa\u00eds por diez a\u00f1os, por lo menos, no tiene antecedentes penales o tiene pocos y son menores, tiene un c\u00f3nyuge, padre, madre, hijo que sea ciudadano Americano, o que tenga con mica, y su deportaci\u00f3n o remoci\u00f3n le causar\u00eda gran sufrimiento a ese familiar, Ud. podr\u00eda ser elegible para cancelaci\u00f3n de deportaci\u00f3n\/ remoci\u00f3n que, si se le concede, lo pondr\u00eda en camino a una mica;<\/p>\n<p>5. <strong>VISA-U<\/strong>. Si Ud. ha sido v\u00edctima de un cr\u00edmen en este pa\u00eds, result\u00f3 lastimado f\u00edsicamente, o emocionalmente por causa de ese cr\u00edmen, y est\u00e1 dispuesto a cooperar o ha cooperado, con la investigaci\u00f3n, o el enjuiciamiento de ese delito, Ud. podr\u00eda ser elegible para una <strong><a href=\"http:\/\/jessejbanuelos.com\/es\/u-visa-for-crime-victim\/\">visa U<\/a><\/strong>, que, si se le concede, lo pondr\u00eda en camino a una mica;<\/p>\n<p>6. <strong>VISA-T<\/strong>. Si Ud. ha sido v\u00edctima de tr\u00e1fico de extranjeros por la fuerza, por fraude, por enga\u00f1o, O si es menor de 18 a\u00f1os y fue v\u00edctima de tr\u00e1fico de extranjeros con fines sexuales, Ud. podr\u00eda ser elegible para una visa T, que, si se le concede, lo pondr\u00eda en camino a una mica;<\/p>\n<p>7. <strong>MICA POR SER EMIGRANTE JUVENIL ESPECIAL<\/strong>. Si Ud. es menor de 18 a\u00f1os, y ha sido v\u00edctima de abuso parental en este pa\u00eds, o en otro pa\u00eds, Ud. puede ser elegible para una mica como emigrante juvenil especial;<\/p>\n<p>8. <strong>MICA POR MEDIO DE NACARA<\/strong>. Si Ud. es ciudadano de un determinado pa\u00eds, como El Salvador, Guatemala, o algunos otros pa\u00edses, ha vivido continuamente en este pa\u00eds por siete a\u00f1os, y si no tiene antecedentes penales o tiene pocos y son menores, Ud. podr\u00eda ser elegible para suspensi\u00f3n de deportaci\u00f3n bajo <strong><a href=\"http:\/\/jessejbanuelos.com\/es\/green-card-through-nacara\/\">NACARA<\/a><\/strong>, que, si se le concede, lo pondr\u00eda en camino a una mica;<\/p>\n<p>9.<strong> MICA POR MEDIO DE REGISTRO<\/strong>. Si Ud. ha vivido ilegalmente y continuamente en este pa\u00eds desde Enero 1, 1972, por lo menos, y si no tiene antecedentes penales o tiene pocos y son menores, Ud. podr\u00eda ser elegible para registro, que, si se le concede, lo pondr\u00eda en camino a una mica; o<\/p>\n<p>10.<strong> DACA<\/strong>. Si Ud. lleg\u00f3 a este pa\u00eds antes de cumplir 16 a\u00f1os, ha vivido ilegalmente y continuamente en este pa\u00eds desde Junio 15, 2007, era menor de 31 a\u00f1os en Junio 15, 2012, y si no tiene antecedentes penales, o tiene pocos y son menores, Ud. podr\u00eda ser elegible para <strong><a href=\"http:\/\/jessejbanuelos.com\/es\/petition-for-daca\/\">Acci\u00f3n Diferida Para Los Llegados En La Infancia<\/a><\/strong>, que, si se le concede, lo proteger\u00eda contra deportaci\u00f3n\/remoci\u00f3n por dos a\u00f1os.<\/p>\n<\/div>\n<div class=\"textblock\">\n<h3>DEFENSAS CONTRA DEPORTACI\u00d3N\/REMOCI\u00d3N DE LOS QUE TIENEN MICA<\/h3>\n<div class=\"textblock\">\n<p>1. <strong>CIUDADAN<strong>\u00cd<\/strong>A AMERICANA<\/strong>. Si Ud. es <strong><a href=\"http:\/\/jessejbanuelos.com\/es\/petition-for-us-citizenship\/\">ciudadano Americano<\/a><\/strong>, no puede ser deportado\/removido de este pa\u00eds. Si Ud. y, alguno de sus padres tuvo una mica en alg\u00fan tiempo, y si Ud. recibi\u00f3 la suya antes de que Ud. cumpliera los 18, Ud. podr\u00eda ser ciudadano Americano si el padre que tuvo mica en alg\u00fan tiempo se hizo ciudadano Americano antes de que Ud. cumpliera los 18;<\/p>\n<p>2. <strong>CANCELACI<strong><strong>\u00d3<\/strong><\/strong>N DE REMOCI<strong>\u00d3<\/strong>N<\/strong>. Si Ud. es puesto en procesos de deportaci\u00f3n\/remoci\u00f3n porque fue convicto de ciertos d\u00e9litos [que no sean felon\u00edas agravadas bajo las leyes de inmigraci\u00f3n], o porque cometi\u00f3 alguna violaci\u00f3n de las leyes de inmigraci\u00f3n [como el tr\u00e1fico il\u00edcito de personas, etc.], si Ud. ha vivido continuamente en este pa\u00eds con mica por siete a\u00f1os o mas, Ud. podr\u00eda ser elegible para cancelaci\u00f3n de deportaci\u00f3n\/remoci\u00f3n;<\/p>\n<p>3. <strong>MICA COMO V\u00cdCTIMA DE VIOLENCIA DOM\u00c9STICA<\/strong>. Si Ud. ha sido v\u00edctima de abuso o mal trato por su c\u00f3nyuge, padre, o madre que sea ciudadano Americano, o que tenga mica, Ud. podr\u00eda ser elegible para cancelaci\u00f3n de deportaci\u00f3n\/remoci\u00f3n como una v\u00edctima de violencia dom\u00e9stica; o<\/p>\n<p>4. <strong>MICA POR MEDIO DE UN FAMILIAR<\/strong>. Si Ud. es puesto en procesos de deportaci\u00f3n\/remoci\u00f3n porque fue convicto de ciertos d\u00e9litos, y si Ud. tiene un c\u00f3nyuge, padre, o madre que sea ciudadano Americano, o que tenga mica, o un hijo que sea ciudadano Americano mayor de 21 a\u00f1os, Ud. podr\u00eda ser elegible para re-aplicar para <strong><a href=\"http:\/\/jessejbanuelos.com\/es\/green-card-through-family\/\">ajuste de status<\/a><\/strong> [una mica], y al mismo tiempo tambi\u00e9n podr\u00eda aplicar para un <strong><a href=\"http:\/\/jessejbanuelos.com\/es\/petition-for-waiver\/\">perd\u00f3n<\/a><\/strong> que necesitar\u00eda de esos d\u00e9litos.<\/p>\n<\/div>\n<div class=\"textblock\">\n<p>Estas son solo unas cuantas de las tantas defensas que se podr\u00edan usar contra un proceso de deportaci\u00f3n\/remoci\u00f3n. Por lo tanto, es posible que ninguna de estas aplique en su caso. Tambi\u00e9n es muy posible que un abogado de inmigraci\u00f3n que sea tenaz y bien experimentado encuentre alguna otra defensa que no esta enumerada aqu\u00ed pero que si aplicar\u00eda en su caso. Por eso, si Ud. esta en procesos de deportaci\u00f3n\/remoci\u00f3n, debido a que esos procesos podr\u00edan terminar en la emisi\u00f3n de una orden de expulsi\u00f3n contra Ud., la cual podr\u00eda resultar en destierro permanente de este pa\u00eds, su mejor esperanza de quedarse en este pa\u00eds legalmente es con la ayuda de un abogado de inmigraci\u00f3n que sea tenaz y experimentado, como el Lic. Ba\u00f1uelos. Debido a que es trabajador y tenaz, el Lic. Ba\u00f1uelos ha estado resolviendo\u00a0<strong><a href=\"http:\/\/jessejbanuelos.com\/es\/our-victory\/\">exitosamente<\/a><\/strong>\u00a0problemas dif\u00edciles de inmigraci\u00f3n, y ha estado ganando casos dif\u00edciles de deportaci\u00f3n y de remoci\u00f3n\u00a0<strong><a href=\"http:\/\/jessejbanuelos.com\/es\/mr-banuelos-profile\/\">por mas de 20 a\u00f1os<\/a><\/strong>.<\/p>\n<\/div>\n<\/div>\n<\/div>\n","protected":false},"excerpt":{"rendered":"<p>LIC. JESSE J. BA\u00d1UELOS, ABOGADO DE INMIGRACI\u00d3N DE LOS ANGELES DEFENSAS CONTRA DEPORTACI\u00d3N\/REMOCI\u00d3N Un extranjero que esta en este pa\u00eds ilegalmente est\u00e1 sujeto a ser deportado o removido en cualquier momento porque no tiene derecho de estar aqu\u00ed. A pesar de que un residente permanente legal [una persona con una mica] tiene derecho a estar, &hellip; <a href=\"http:\/\/jessejbanuelos.com\/es\/defenses-vs-deportation\/\" class=\"more-link\">Continue reading <span class=\"screen-reader-text\">defensas vs. deportaci\u00f3n<\/span><\/a><\/p>\n","protected":false},"author":1,"featured_media":1367,"parent":0,"menu_order":0,"comment_status":"closed","ping_status":"closed","template":"fullpage.php","meta":{"_monsterinsights_skip_tracking":false,"_monsterinsights_sitenote_active":false,"_monsterinsights_sitenote_note":"","_monsterinsights_sitenote_category":0,"_uf_show_specific_survey":0,"_uf_disable_surveys":false,"iawp_total_views":68,"footnotes":""},"class_list":["post-150","page","type-page","status-publish","has-post-thumbnail","hentry"],"translation":{"provider":"WPGlobus","version":"3.0.2","language":"es","enabled_languages":["en","es"],"languages":{"en":{"title":true,"content":true,"excerpt":false},"es":{"title":true,"content":true,"excerpt":false}}},"aioseo_notices":[],"_links":{"self":[{"href":"http:\/\/jessejbanuelos.com\/es\/wp-json\/wp\/v2\/pages\/150","targetHints":{"allow":["GET"]}}],"collection":[{"href":"http:\/\/jessejbanuelos.com\/es\/wp-json\/wp\/v2\/pages"}],"about":[{"href":"http:\/\/jessejbanuelos.com\/es\/wp-json\/wp\/v2\/types\/page"}],"author":[{"embeddable":true,"href":"http:\/\/jessejbanuelos.com\/es\/wp-json\/wp\/v2\/users\/1"}],"replies":[{"embeddable":true,"href":"http:\/\/jessejbanuelos.com\/es\/wp-json\/wp\/v2\/comments?post=150"}],"version-history":[{"count":0,"href":"http:\/\/jessejbanuelos.com\/es\/wp-json\/wp\/v2\/pages\/150\/revisions"}],"wp:featuredmedia":[{"embeddable":true,"href":"http:\/\/jessejbanuelos.com\/es\/wp-json\/wp\/v2\/media\/1367"}],"wp:attachment":[{"href":"http:\/\/jessejbanuelos.com\/es\/wp-json\/wp\/v2\/media?parent=150"}],"curies":[{"name":"wp","href":"https:\/\/api.w.org\/{rel}","templated":true}]}}