{"id":15,"date":"2016-02-09T11:45:37","date_gmt":"2016-02-09T11:45:37","guid":{"rendered":"http:\/\/tridibesh\/NARAYANPRASAD\/jesse\/wordpress\/?page_id=15"},"modified":"2026-05-01T18:56:11","modified_gmt":"2026-05-01T18:56:11","slug":"mr-banuelos-profile","status":"publish","type":"page","link":"http:\/\/jessejbanuelos.com\/es\/mr-banuelos-profile\/","title":{"rendered":"MR. BA\u00d1UELOS\u2019 PROFILE"},"content":{"rendered":"<h3>PERFIL DEL LIC. JESSE J. BA\u00d1UELOS<\/h3>\n<div class=\"textblock\">\n<p>Jesse J. Ba\u00f1uelos est\u00e1 muy orgulloso de haber nacido en un <em>jacal<\/em> de adobe en <em>Las Moras<\/em>, un peque\u00f1o rancho en <em>Zacatecas<\/em>, M\u00e9xico, donde tambi\u00e9n pas\u00f3 su ni\u00f1ez. <em>Las<\/em> <em>Moras<\/em> est\u00e1 entre <em>Tepechitl\u00e1n<\/em> y <em>Tlaltenango, <\/em>pueblos que est\u00e1n como a medio d\u00eda, a pi\u00e9, de <em>Las Moras.<\/em><\/p>\n<\/div>\n<div class=\"textblock\">\n<h3>SU PADRE LO ENSEN\u00d3 A TRABAJAR LLEVAND\u00d3LO AL CAMPO CUANDO EL LIC. BA\u00d1UELOS TEN\u00cdA 5 A\u00d1OS PARA QUE APRENDIERA A LABOREAR EN LA TIERRA<\/h3>\n<p>Cuando el Lic. Ba\u00f1uelos ten\u00eda cinco a\u00f1os de edad, su padre lo empez\u00f3 a llevar al campo al clarear el alba durante la temporada de la siembra para que le ayudara a sembrar ma\u00edz. As\u00ed es como el padre del Lic. Ba\u00f1uelos lo ense\u00f1\u00f3 a trabajar, y la virtud de trabajo honesto.<\/p>\n<\/div>\n<div class=\"textblock\">\n<h3>UNA J\u00d3VEN LE Ense\u00f1\u00f3 LECTURA, ESCRITURA, MATEM\u00c1TICAS, Y LE INCULC\u00d3 UN GRAN AMOR POR LIBROS Y POR ESTUDIAR<\/h3>\n<p>Nadie iba a la escuela en <em>Las Moras<\/em> porque no hab\u00eda escuela. Un d\u00eda, <em>Fernanda<\/em> <em>Domingu\u00e9z<\/em>, una j\u00f3ven con coraz\u00f3n de oro, quien era la persona mas culta de <em>Las Moras<\/em>, ofreci\u00f3 ense\u00f1ar lectura y escritura en su casa a cualquier ni\u00f1o cuyos padres quicieran que sus hijos aprendieran. Muchos padres no llevaron a sus hijos a la casa de <em>Fernanda<\/em> porque esperaban que fueran campensinos o amas cuando crecieran. Por lo cual, no necesitar\u00edan leer o a escribir, dec\u00edan esos padres. Aunque el Lic. Ba\u00f1uelos tampoco quer\u00eda ir porque casi ninguno de sus amigos iba a ir, su madre insisti\u00f3. Como <em>Fernanda<\/em> ten\u00eda un don para ense\u00f1ar en seis meses y con s\u00f3lo unas cuantas horas de clase por semana, le ense\u00f1\u00f3 al Lic. Ba\u00f1uelos lectura, escritura, matem\u00e1ticas y le inculc\u00f3 un gran amor por libros y por estudiar.<\/p>\n<\/div>\n<div class=\"textblock\">\n<h3>AUNQUE NO QUER\u00cdA VENIR A ESTE PA\u00cdS PORQUE TEM\u00cdA NUNCA APRENDER EL INGL\u00c9S, SUS PADRES NO LO DEJARON EN MEXICO PORQUE SABIAN QUE UN FUTURO LO ESTABA ESPERANDO<\/h3>\n<p>Con el tiempo, su padre se trajo a la familia a <em>Tijuana <\/em>donde el Lic. Ba\u00f1uelos empez\u00f3 a asistir a una escuela, <span style=\"text-decoration: underline;\"><strong><a href=\"https:\/\/www.facebook.com\/dieciseisdeseptiembre.escuela.58\"><em>Escuela Primaria 16 <\/em><\/a><\/strong><strong><a href=\"https:\/\/www.facebook.com\/dieciseisdeseptiembre.escuela.58\"><em>de<\/em><\/a><\/strong><\/span><a href=\"https:\/\/www.facebook.com\/dieciseisdeseptiembre.escuela.58\"><strong><span style=\"text-decoration: underline;\"><em> Septiembre<\/em><\/span><\/strong><em>,<\/em><\/a> por primera vez en su vida. Dos a\u00f1os despu\u00e9s, su padre se trajo a la familia a El Monte, CA, donde ya se hab\u00eda establecido. El Lic. Ba\u00f1uelos no quer\u00eda venir a este pa\u00eds porque en las escuelas Americanas hablan un idioma muy raro que tem\u00eda nunca aprender. Sin embargo, sus padres no lo dejaron en Mexico por razones de familia y porque sab\u00edan que un futuro lo estaba esperando en este pa\u00eds.<\/p>\n<\/div>\n<div class=\"textblock\">\n<h3 style=\"text-align: center;\">EN <em>POTRERO ELEMENTARY SCHOOL<\/em>, EN EL MONTE, CA, UN<em> PROFESOR<\/em> SABIO Y NOBLE QUE CREY\u00d3 EN EL, LE ENSEN\u00d3 QUE SI HACIA SU BUENA LUCHA, SUPERAR\u00cdA CUALQUIER OBST\u00c1CULO<\/h3>\n<p>Cuando el Lic. Ba\u00f1uelos ten\u00eda dos a\u00f1os en este pa\u00eds y estaba por graduarse del 8th Grado en <em><strong><a href=\"http:\/\/potrero.emcsd.org\/\"><span style=\"text-decoration: underline;\">Potrero Elementary School<\/span><\/a><\/strong><a href=\"http:\/\/potrero.emcsd.org\/\">,<\/a><\/em> en El Monte, CA, el<strong><em> Profesor<\/em><\/strong> Bennett, su <strong><em>Profesor <\/em><\/strong>favorito, le pidi\u00f3 que diera los discursos de graduaci\u00f3n en Ingl\u00e9s y Espa\u00f1ol. Porque todavia hablaba muy mal el Ingl\u00e9s y temia hablar en p\u00fablico, no quer\u00eda darlos en absoluto porque sabia que haria el rid\u00edculo. Sabiendo de su temor, el<em><strong> Profesor <\/strong><\/em>le dijo: &#8220;creo en ti porque eres mas capaz de lo que piensas, y si haces tu buena lucha, superar<span style=\"font-size: inherit;\">\u00e1<\/span>s cualquier obt<span style=\"font-size: inherit;\">\u00e1<\/span>culo. Porque sus padres no tenian dinero para comprar un traje para los discursos, el <em><strong>Profesor<\/strong><\/em> se lo compr\u00f3.<span style=\"font-size: inherit;\"> Despu\u00e9s de los discursos, sus amigos lo felicitaron por su discurso en Espa\u00f1ol. <\/span><span style=\"font-size: inherit;\">Cuando les pregunt\u00f3 sobre su discurso en Ingl\u00e9s, le dijeron que por su acento y su tartamude\u00f3, no lo entendieron. \u00bfY el aplauso?&#8221;, pregunt\u00f3. &#8220;Aplaudieron porque tuviste el valor de subir al escenario sabiendo que ibas a hacer el rid\u00edculo,&#8221; le dijeron. En l\u00e1grimas, se acerc\u00f3 al <em><strong>Profesor<\/strong><\/em> para perdir perd\u00f3n. El <em><strong>Profesor<\/strong><\/em> sonri\u00f3 <em>y <\/em>le dijo: &#8220;\u00a1Bien hecho! Confundido, el Lic. Ba\u00f1uelos le dijo al <em><strong>Profesor<\/strong><\/em>: &#8220;Pero le fall\u00e9.&#8221; El <em><strong>Profesor<\/strong> <\/em>sonri\u00f3 de nuevo y le dijo: &#8220;<\/span><span style=\"font-size: inherit;\">l<\/span><span class=\"Y2IQFc\" lang=\"es\">o que hiciste esta noche <\/span>te ayudar\u00e1 a llegar muy lejos <span style=\"font-size: inherit;\">un d\u00eda.&#8221;<\/span><\/p>\n<\/div>\n<div class=\"textblock\">\n<p style=\"text-align: center;\"><span style=\"font-size: 14pt;\"><strong>CUANDO EL LIC. BA\u00d1UELOS ESTABA FALLANDO EN SUS ESTUDIOS DE LEYES, LO QUE APRENDI\u00d3 DE SU PROFESOR<em>\u00a0<\/em>LE AYUD\u00d3 A SUPERAR ESOS OBST\u00c1CULOS<\/strong><\/span><\/p>\n<\/div>\n<div class=\"textblock\">\n<p>En 1982, despu\u00e9s de graduarse de la universidad, empez\u00f3 el estudio de leyes en <em>Loyola Law School <\/em>en Los Angeles, <span class=\"Y2IQFc\" lang=\"es\">algo que nunca ni siquiera se atrevi\u00f3 a so\u00f1ar que har\u00eda en M\u00e9xico, <\/span>mucho menos en este pa\u00eds. Sin embargo, desde que empez\u00f3 su estudio, se sinti\u00f3 como pez fuera del agua porque muchos de sus compa\u00f1eros venian de dinero y de las mejores universidades del pa\u00eds, mientras que el venia de or\u00edgenes muy humildes. Para agravar sus penas, despu\u00e9s de repasar sus primeras tareas, su profesora de escritura le advirti\u00f3 que si no mejoraba tendr\u00eda que buscar otra carrera porque no hab\u00eda demonstrado que pod\u00eda aprender a escribir como abogado. Tambi\u00e9n le advirti\u00f3 que si no sub\u00eda sus grados en las otras clases que estaba fallando, ser\u00eda expulsado de <em>Loyola<\/em>. Como el <em><strong>Profesor<\/strong><\/em> lo ensen\u00f3 a creer en si mismo y a superar cualquier obst<span style=\"font-size: inherit;\">\u00e1<\/span>culo, sab\u00eda que si segu\u00eda haciendo su buena lucha, se podr\u00eda graduar. Con el tiempo, su escritura tanto mejor\u00f3 que en su segundo a\u00f1o en <em>Loyola,<\/em> fue elegido uno de sus 30 mejores escritores, entre cientos de candidatos. [<a href=\"http:\/\/jessejbanuelos.com\/wp-content\/uploads\/2024\/02\/MootCourtCertificate.pdf\"><strong>el certificado que gan\u00f3 por escritura se ve si oprime aqui<\/strong>]<\/a> Tambi\u00e9n se gradu\u00f3 y gan\u00f3 su licencia de abogado. [<strong><a href=\"http:\/\/jessejbanuelos.com\/wp-content\/uploads\/2024\/02\/JJBATTORNEYLICENSE-1.pdf\">su CALIF. licencia se ve si oprime aq<\/a><a href=\"http:\/\/jessejbanuelos.com\/wp-content\/uploads\/2024\/02\/JJBATTORNEYLICENSE-1.pdf\">u<\/a><a href=\"http:\/\/jessejbanuelos.com\/wp-content\/uploads\/2024\/02\/JJBATTORNEYLICENSE-1.pdf\">i<\/a><\/strong><a href=\"http:\/\/jessejbanuelos.com\/wp-content\/uploads\/2024\/02\/JJBATTORNEYLICENSE-1.pdf\">]<\/a><\/p>\n<\/div>\n<div class=\"textblock\">\n<h2>LA PREPARACI\u00d3N Y LA EXPERIENCIA PROFESIONAL DEL LIC. JESSE J. BA\u00d1UELOS<\/h2>\n<ul>\n<li><i class=\"fa fa-caret-right\"><\/i>Recibi\u00f3 un Bachillerato de Ciencias en Administraci\u00f3n de Empresas y Negocios de la Universidad Estatal de California en Los Angeles;<\/li>\n<li><i class=\"fa fa-caret-right\"><\/i>Recibi\u00f3 un t\u00edtulo de Abogado que fu\u00e9 otorgado por Loyola Law School en Los Angeles en 1985;<\/li>\n<li><i class=\"fa fa-caret-right\"><\/i>Recibi\u00f3 una licencia de Abogado que fu\u00e9 otorgada por el Estado de California en 1985;<\/li>\n<li><i class=\"fa fa-caret-right\"><\/i>Admitido para ejercer leyes en la Corte Federal de Apelaciones del Noveno Circuito;<\/li>\n<li><i class=\"fa fa-caret-right\"><\/i>Admitido para ejercer leyes en el Tribunal Federal del Distrito Central de California;<\/li>\n<li><i class=\"fa fa-caret-right\"><\/i>Admitido para ejercer leyes en todas las cortes federales de inmigraci\u00f3n;<\/li>\n<li><i class=\"fa fa-caret-right\"><\/i>Admitido para ejercer leyes en el Tribunal Federal de Apelaciones de Casos de Inmigraci\u00f3n (BIA);<\/li>\n<li><i class=\"fa fa-caret-right\"><\/i>Admitido para ejercer leyes en la Oficina Administrativa de Apelaciones (AAO) de casos de inmigraci\u00f3n;<\/li>\n<li><i class=\"fa fa-caret-right\"><\/i>Abogado Litigante Principal para el bufete jur\u00eddico de Guti\u00e9rrez &amp; Guti\u00e9rrez de 1985-1995; y<\/li>\n<li>Inaugur\u00f3 su oficina de leyes en 1995, con \u00e9nfasis en casos de accidentes, como <strong><a href=\"http:\/\/jessejbanuelos.com\/es\/auto-accident\/\">accidentes de auto<\/a><\/strong>, <strong><a href=\"http:\/\/jessejbanuelos.com\/es\/trucktrailer-accident\/\">de cami\u00f3n\/trailer<\/a><\/strong>,<strong> <a href=\"http:\/\/jessejbanuelos.com\/es\/pedestrian-accident\/\">de peat\u00f3n<\/a><\/strong>, etc., y en asuntos de <strong><a href=\"http:\/\/jessejbanuelos.com\/es\/immigration\/\">inmigraci\u00f3n<\/a><\/strong>, como <strong><a href=\"http:\/\/jessejbanuelos.com\/es\/defenses-vs-deportation\/\">defensa contra deportaci<\/a><a href=\"http:\/\/jessejbanuelos.com\/es\/defenses-vs-deportation\/\">\u00f3<\/a><a href=\"http:\/\/jessejbanuelos.com\/es\/defenses-vs-deportation\/\">n\/remoci\u00f3n<\/a><\/strong>, <strong><a href=\"http:\/\/jessejbanuelos.com\/es\/petition-for-us-citizenship\/\">peticiones familiares para micas<\/a><\/strong>; <strong><a href=\"http:\/\/jessejbanuelos.com\/es\/es\/petition-for-us-citizenship\/\">para ciudadan\u00eda Americana<\/a><\/strong>; <a href=\"http:\/\/jessejbanuelos.com\/es\/petition-for-waiver\/\"><strong>para perdones de ciertos cr\u00edmenes;<\/strong><\/a>\u00a0<a href=\"http:\/\/jessejbanuelos.com\/es\/petition-for-waiver\/\"><strong>para perdones por violaciones de las leyes de<\/strong> <strong>inmigraci\u00f3n<\/strong><\/a>, <strong>como<\/strong> <strong>fraude de inmigra<span style=\"font-size: inherit;\">ci<\/span>\u00f3n,<\/strong>\u00a0<strong>presencia ilegal en este pa\u00eds en o despu\u00e9s de Abril 1, 1997, etc<\/strong>.<\/li>\n<\/ul>\n<\/div>\n","protected":false},"excerpt":{"rendered":"<p>PERFIL DEL LIC. JESSE J. BA\u00d1UELOS Jesse J. Ba\u00f1uelos est\u00e1 muy orgulloso de haber nacido en un jacal de adobe en Las Moras, un peque\u00f1o rancho en Zacatecas, M\u00e9xico, donde tambi\u00e9n pas\u00f3 su ni\u00f1ez. Las Moras est\u00e1 entre Tepechitl\u00e1n y Tlaltenango, pueblos que est\u00e1n como a medio d\u00eda, a pi\u00e9, de Las Moras. SU PADRE &hellip; <a href=\"http:\/\/jessejbanuelos.com\/es\/mr-banuelos-profile\/\" class=\"more-link\">Continue reading <span class=\"screen-reader-text\">MR. BA\u00d1UELOS\u2019 PROFILE<\/span><\/a><\/p>\n","protected":false},"author":1,"featured_media":0,"parent":0,"menu_order":0,"comment_status":"closed","ping_status":"closed","template":"fullpage.php","meta":{"_monsterinsights_skip_tracking":false,"_monsterinsights_sitenote_active":false,"_monsterinsights_sitenote_note":"","_monsterinsights_sitenote_category":0,"_uf_show_specific_survey":0,"_uf_disable_surveys":false,"iawp_total_views":616,"footnotes":""},"class_list":["post-15","page","type-page","status-publish","hentry"],"translation":{"provider":"WPGlobus","version":"3.0.2","language":"es","enabled_languages":["en","es"],"languages":{"en":{"title":true,"content":true,"excerpt":false},"es":{"title":false,"content":true,"excerpt":false}}},"aioseo_notices":[],"_links":{"self":[{"href":"http:\/\/jessejbanuelos.com\/es\/wp-json\/wp\/v2\/pages\/15","targetHints":{"allow":["GET"]}}],"collection":[{"href":"http:\/\/jessejbanuelos.com\/es\/wp-json\/wp\/v2\/pages"}],"about":[{"href":"http:\/\/jessejbanuelos.com\/es\/wp-json\/wp\/v2\/types\/page"}],"author":[{"embeddable":true,"href":"http:\/\/jessejbanuelos.com\/es\/wp-json\/wp\/v2\/users\/1"}],"replies":[{"embeddable":true,"href":"http:\/\/jessejbanuelos.com\/es\/wp-json\/wp\/v2\/comments?post=15"}],"version-history":[{"count":3,"href":"http:\/\/jessejbanuelos.com\/es\/wp-json\/wp\/v2\/pages\/15\/revisions"}],"predecessor-version":[{"id":44534,"href":"http:\/\/jessejbanuelos.com\/es\/wp-json\/wp\/v2\/pages\/15\/revisions\/44534"}],"wp:attachment":[{"href":"http:\/\/jessejbanuelos.com\/es\/wp-json\/wp\/v2\/media?parent=15"}],"curies":[{"name":"wp","href":"https:\/\/api.w.org\/{rel}","templated":true}]}}