{"id":138,"date":"2016-02-12T07:38:00","date_gmt":"2016-02-12T07:38:00","guid":{"rendered":"http:\/\/jessejbanuelos.com\/?page_id=138"},"modified":"2021-07-16T06:02:57","modified_gmt":"2021-07-16T06:02:57","slug":"u-visa-for-crime-victim","status":"publish","type":"page","link":"http:\/\/jessejbanuelos.com\/es\/u-visa-for-crime-victim\/","title":{"rendered":"visa u para v\u00edctima de cr\u00edmen"},"content":{"rendered":"<h2>LIC. JESSE J. BA\u00d1UELOS, ABOGADO DE INMIGRACI\u00d3N DE LOS ANGELES<\/h2>\n<div class=\"textblock\">\n<h3>VISAS U PARA V\u00cdCTIMAS DE CIERTOS CR\u00cdMENES<\/h3>\n<p>El programa de visas U fue establecido para los indocumentados que han sufrido abuso, o da\u00f1os f\u00edsicos o mentales a causa de los actos criminales de otras personas, y que estan colaborando, han colaborado, o estan dispuestas a colaborar con agencias del gobierno en la investigaci\u00f3n y en las acusaci\u00f3nes judiciales contra las personas responsable de esos cr\u00edmenes. Muchos indocumentados que son v\u00edctimas de cr\u00edmenes, por miedo a ser deportados, prefieren quedarse callados. El prop\u00f3sito de este programa es de motivar a esos indocumentados a que reporten esos cr\u00edmenes a las autoridades apropiadas.<\/p>\n<\/div>\n<div class=\"textblock\">\n<h3>REQUISITOS DE UNA VISA U<\/h3>\n<div class=\"textblock\">\n<p>1. \u00a0El aplicante debe haber sufrido abuso\/da\u00f1o f\u00edsico\/mental\/emocional como consecuencia de determinadas actividades criminales, como una violaci\u00f3n, tortura, tr\u00e1fico de personas, incesto, violencia dom\u00e9stica, asalto sexual, secuestro, extorsi\u00f3n, homicidio, tr\u00e1fico de esclavos, servidumbre involuntaria, asalto criminal, robo, a manos de otra persona, etc.;<\/p>\n<p>2. \u00a0La fecha del incidente no importa; no importa si ocurri\u00f3 hoy, o hace 10, 20 a\u00f1os;<\/p>\n<p>3.<strong> \u00a0<\/strong>Adem\u00e1s, la lesi\u00f3n no tiene que ser f\u00edsica. Por ejemplo el susto o trauma mental que algui\u00e9n sufre cuando es victima de un robado por medio de amenazas, a mano armada, etc., podr\u00eda ser suficiente;<\/p>\n<p>4. \u00a0El cr\u00edmen debe de haber violado las leyes de este pa\u00eds, y debe haber ocurrido en este pa\u00eds;<\/p>\n<p>5. \u00a0El aplicante&#8211;o en el caso de un ni\u00f1o aplicante menor de 16 a\u00f1os, el padre o tutor del ni\u00f1o-esta colaborando, colabor\u00f3, o esta dispuesta a colaborar con las autoridades en la investigaci\u00f3n penal o el enjuiciamiento de la actividad criminal que le caus\u00f3 da\u00f1o al aplicante; y<\/p>\n<p>6. \u00a0La polic\u00eda local, o alguna otra agencia del gobierno de este pa\u00eds, como la fiscal\u00eda, el FBI, el departamento de servicios sociales del condado, etc., prepararon un reporte o levantaron una acta sobre los hechos;<\/p>\n<p>7. \u00a0No<b> <\/b>es necesario que el maleante sea condenado de algun cr\u00edmen. De hecho, ni siquiera tiene que ser arrestado. O sea que es posible que una v\u00edctima de un cr\u00edmen, si reune todos los otros requisitos, podr\u00eda calificar para una Visa U, aunque el maleante nunca sea encontrado o indentificado; y<\/p>\n<p>8. El aplicante\u00a0<strong><u>no tiene<\/u><\/strong>\u00a0que estar viviendo en este pa\u00eds cuando aplique para una visa U.<\/p>\n<\/div>\n<div class=\"textblock\">\n<h3>BENEFICIOS DE UNA VISA U<\/h3>\n<div class=\"textblock\">\n<p>1.\u00a0 Un permiso de trabajo en cuanto la petici\u00f3n de la visa U sea aprovada;<\/p>\n<p>2.\u00a0 Protecci\u00f3n contra deportaci\u00f3n\/remoci\u00f3n mientras que la petici\u00f3n para una visa U este pendiente, aunque el aplicante se encuentre en procesos de deportaci\u00f3n\/remoci\u00f3n, o aunque tenga una orden de deportaci\u00f3n\/remoci\u00f3n pendiente contra el;<\/p>\n<p>3.\u00a0 Perdones de ciertas violaciones de las leyes de inmigraci\u00f3n que hayan sido cometidas por el aplicante, como fraude de inmigraci\u00f3n, presencia ilegal en este pa\u00eds, deportaciones, etc., o varias clases de convicciones criminales, ya sean felon\u00edas o d\u00e9litos menores, etc., <strong>que, por lo general, el INS\/USCIS no perdonar\u00eda bajo ning\u00fan otro programa<\/strong>; y<\/p>\n<p>4.\u00a0 Si despu\u00e9s de ser aprobado para una visa U, el aplicante mantiene residencia continua en este pa\u00eds por tres a\u00f1os, o mas, podr\u00eda ser elegible para una mica.<\/p>\n<\/div>\n<div class=\"textblock\">\n<h3>\u00bfQUI\u00c9N PUEDE SOLICITAR UNA VISA U?<\/h3>\n<div class=\"textblock\">\n<p>1.\u00a0<strong> Aplicante principal (la v\u00edctima del crimen);<\/strong><\/p>\n<p>2.\u00a0 <strong>La\/el c\u00f3nyugue del aplicante principal<\/strong> [<strong>NOTA: HA OCURRIDO UN CAMBIO MUY RECIENTE EN LA LEY CON RESPECTO A LOS\/LAS CONYUGUES DE APLICANTES PARA VISAS U. Este cambio es el siguiente: el\/la esposo\/a de un aplicante principal para una visa U puede aplicar para una visa U a pesar de que: <\/strong>a) ese\/a esposo\/a no estaba casada\/o con el aplicante principal cuando ese aplicante someti\u00f3 su aplicaci\u00f3n para una visa U, y esa aplicaci\u00f3n todavia esta pendiente; o b) la aplicaci\u00f3n del aplicante ya fue aprobada;<\/p>\n<p>3.\u00a0 <strong>Hijos (menores de 21) y solteros del aplicante principal pueden ser incluidos en su aplicaci\u00f3n<\/strong>;<\/p>\n<p>4.\u00a0 <strong>Las v\u00edctimas menores de 21 a\u00f1os, tambi\u00e9n podr\u00e1n solicitar visas U para sus padres y hermanos solteros (menores de 18 a\u00f1os)<\/strong>. La edad de un hermano se determina a partir de la fecha en que se present\u00f3 la solicitud para una visa U para un hermano;<br \/>\n5.\u00a0 <strong>V\u00edctimas indirectas de la actividad criminal<\/strong>. Ciertos miembros de la familia de la victima principal podrian solicitar visas U como v\u00edctimas indirectas cuando la v\u00edctima principal muri\u00f3 debido a asesinato u homicidio, o se dict\u00f3 incompetente o incapacitado a causa de una acci\u00f3n criminal de otra persona, y no puede ayudar a las autoridades en la investigaci\u00f3n de ese crimen. V\u00edctimas indirectas tambi\u00e9n tienen que demostrar que cumplen con los dem\u00e1s requisitos de elegibilidad para ese programa; que han sido de gran ayuda, est\u00e1n siendo \u00fatiles, o va a ser \u00fatil en la investigaci\u00f3n del d\u00e9lito; sufrieron da\u00f1o sustancial como resultado del cr\u00edmen. USCIS considera la edad de la v\u00edctima en el momento del crimen para determinar qui\u00e9n es elegible como una v\u00edctima indirecta. Para las v\u00edctimas de d\u00e9litos que son 21 a\u00f1os o m\u00e1s, a su c\u00f3nyuge, as\u00ed como a sus hijos menores de 21 a\u00f1os de edad, pueden ser considerados v\u00edctimas indirectas. Para las v\u00edctimas menores de 21 a\u00f1os, sus padres y hermanos solteros menores de 18 a\u00f1os pueden ser considerados v\u00edctimas indirectas; y<br \/>\n6.\u00a0 <strong>V<strong>\u00ed<\/strong>ctimas transe\u00fantes<\/strong>. Bajo circunstancias limitadas, transe\u00fantes pueden calificar como visa U v\u00edctimas. Cuando un espectador ha sufrido una lesi\u00f3n inusualmente directa como resultado de un d\u00e9lito de clasificaci\u00f3n (es decir, como un aborto involuntario despu\u00e9s de presenciar una actividad criminal), el espectador podr\u00eda ser elegible para una visa U.<\/p>\n<\/div>\n<div class=\"textblock\">\n<h3>PARA HACERLO BIEN, ES MEJOR APLICAR PARA UNA VISA U CON AYUDA DE ABOGADO<\/h3>\n<p>El proceso de aplicar para un visa U es muy complicado. Por esos motivos, si Ud. ha sido v\u00edctima de un cr\u00edmen, y desea entablar una petici\u00f3n para una visa U, es necesario que solicite la ayuda de un abogado de inmigraci\u00f3n que sea tenaz y experimentado, como el Lic. Jesse J. Ba\u00f1uelos. Debido a que es trabajador y tenaz, el Lic. Ba\u00f1uelos ha estado resolviendo\u00a0<strong><a href=\"http:\/\/jessejbanuelos.com\/es\/our-victory\/\">exitosamente<\/a><\/strong>\u00a0problemas dif\u00edciles de inmigraci\u00f3n, y ha estado ganando casos dif\u00edciles de deportaci\u00f3n y de remoci\u00f3n\u00a0<strong><a href=\"http:\/\/jessejbanuelos.com\/es\/mr-banuelos-profile\/\">por mas de 20 a\u00f1os<\/a><\/strong>.<\/p>\n<\/div>\n<\/div>\n<\/div>\n<\/div>\n","protected":false},"excerpt":{"rendered":"<p>LIC. JESSE J. BA\u00d1UELOS, ABOGADO DE INMIGRACI\u00d3N DE LOS ANGELES VISAS U PARA V\u00cdCTIMAS DE CIERTOS CR\u00cdMENES El programa de visas U fue establecido para los indocumentados que han sufrido abuso, o da\u00f1os f\u00edsicos o mentales a causa de los actos criminales de otras personas, y que estan colaborando, han colaborado, o estan dispuestas a &hellip; <a href=\"http:\/\/jessejbanuelos.com\/es\/u-visa-for-crime-victim\/\" class=\"more-link\">Continue reading <span class=\"screen-reader-text\">visa u para v\u00edctima de cr\u00edmen<\/span><\/a><\/p>\n","protected":false},"author":1,"featured_media":1367,"parent":0,"menu_order":0,"comment_status":"closed","ping_status":"closed","template":"fullpage.php","meta":{"_monsterinsights_skip_tracking":false,"_monsterinsights_sitenote_active":false,"_monsterinsights_sitenote_note":"","_monsterinsights_sitenote_category":0,"_uf_show_specific_survey":0,"_uf_disable_surveys":false,"iawp_total_views":3901,"footnotes":""},"class_list":["post-138","page","type-page","status-publish","has-post-thumbnail","hentry"],"translation":{"provider":"WPGlobus","version":"3.0.2","language":"es","enabled_languages":["en","es"],"languages":{"en":{"title":true,"content":true,"excerpt":false},"es":{"title":true,"content":true,"excerpt":false}}},"aioseo_notices":[],"_links":{"self":[{"href":"http:\/\/jessejbanuelos.com\/es\/wp-json\/wp\/v2\/pages\/138","targetHints":{"allow":["GET"]}}],"collection":[{"href":"http:\/\/jessejbanuelos.com\/es\/wp-json\/wp\/v2\/pages"}],"about":[{"href":"http:\/\/jessejbanuelos.com\/es\/wp-json\/wp\/v2\/types\/page"}],"author":[{"embeddable":true,"href":"http:\/\/jessejbanuelos.com\/es\/wp-json\/wp\/v2\/users\/1"}],"replies":[{"embeddable":true,"href":"http:\/\/jessejbanuelos.com\/es\/wp-json\/wp\/v2\/comments?post=138"}],"version-history":[{"count":0,"href":"http:\/\/jessejbanuelos.com\/es\/wp-json\/wp\/v2\/pages\/138\/revisions"}],"wp:featuredmedia":[{"embeddable":true,"href":"http:\/\/jessejbanuelos.com\/es\/wp-json\/wp\/v2\/media\/1367"}],"wp:attachment":[{"href":"http:\/\/jessejbanuelos.com\/es\/wp-json\/wp\/v2\/media?parent=138"}],"curies":[{"name":"wp","href":"https:\/\/api.w.org\/{rel}","templated":true}]}}