{"id":126,"date":"2016-02-12T07:35:00","date_gmt":"2016-02-12T07:35:00","guid":{"rendered":"http:\/\/jessejbanuelos.com\/?page_id=126"},"modified":"2017-10-13T00:36:42","modified_gmt":"2017-10-13T00:36:42","slug":"green-card-through-nacara","status":"publish","type":"page","link":"http:\/\/jessejbanuelos.com\/es\/green-card-through-nacara\/","title":{"rendered":"mica por medio de nacara"},"content":{"rendered":"<h2>LIC. JESSE J. BA\u00d1UELOS, ABOGADO DE INMIGRACI\u00d3N DE LOS ANGELES<\/h2>\n<div class=\"textblock\">\n<h3>MICAS POR MEDIO DE NACARA<\/h3>\n<p>Todos los aplicantes que sean elegibles para los beneficios bajo NACARA ser\u00e1n elegibles para un permiso de trabajo mientras que su petici\u00f3n este pendiente. Adem\u00e1s, a todos los aplicantes aprobados se les otorgar\u00e1 suspensi\u00f3n de deportaci\u00f3n que los pondr\u00e1 en camino a una mica.<\/p>\n<\/div>\n<div class=\"textblock\">\n<h3>REQUISITOS QUE SE TIENEN QUE CUMPLIR PARA CONSEGUIR UNA MICA BAJO NACARA<\/h3>\n<p>Para ser eligible para aplicar para una mica bajo NACARA, el aplicante no debe haber sido convicto de ninguna felon\u00eda agravada [<strong>NOTA<\/strong>: bajo las leyes de inmigraci\u00f3n, varias convicciones relacionadas a violencia, drogas y abuso sexual, etc., se consideran felon\u00edas agravadas, auque sean solamente del\u00edtos menores bajo las leyes estatales], y debe de ser incluido en uno de los siguientes grupos:<\/p>\n<p>1). Es un ciudadano de Guatemala quien:<\/p>\n<ul>\n<li><i class=\"fa fa-caret-right\"><\/i>entr\u00f3 a este pa\u00eds por primera vez en o antes de Octubre 1, 1990;<\/li>\n<li><i class=\"fa fa-caret-right\"><\/i>se registr\u00f3 bajo el ABC o para el programa de TPS (Estatus de Protecci\u00f3n Temporal) antes de Diciembre 31, 1991; y<\/li>\n<li><i class=\"fa fa-caret-right\"><\/i>no fu\u00e9 detenido por el INS al momento de ingresar a este pa\u00eds despu\u00e9s de Diciembre 19, 1990;<\/li>\n<\/ul>\n<p>2). Es un ciudadano de El Salvador quien:<\/p>\n<ul>\n<li><i class=\"fa fa-caret-right\"><\/i>entr\u00f3 a este pa\u00eds por primera vez en on antes de Septiembre 19, 1990;<\/li>\n<li><i class=\"fa fa-caret-right\"><\/i>se registr\u00f3 bajo el &#8220;ABC&#8221; o para el programa de TPS (Estatus de Protecci\u00f3n Temporal) antes de Octubre 31, 1991; y<\/li>\n<li><i class=\"fa fa-caret-right\"><\/i>no fu\u00e9 detenido por el INS al momento de ingresar a este pa\u00eds despu\u00e9s de Diciembre 19, 1990;<\/li>\n<\/ul>\n<p>Es un ciudadano de El Salvador o Guatemala que entabl\u00f3 una petici\u00f3n para asilo pol\u00edtico antes de Abril 1, 1990. Personas que son miembros del programa de ABC podr\u00edan ser elegibles para beneficios bajo la ley de NACARA aunque no hayan entablado una petici\u00f3n para asilo pol\u00edtico antes de las fechas indicadas;<\/p>\n<\/div>\n<div class=\"textblock\">\n<p>Todos las personas incluidas en uno de los grupos arriba mencionados tendr\u00e1n que reunir los siguientes requisitos:<\/p>\n<p>1. comprobar siete a\u00f1os, por lo menos, de presencia continua en este pa\u00eds;<\/p>\n<p>2. comprobar buen car\u00e1cter moral. Para demonstrar buen car\u00e1cter moral, el aplicante debe comprobar que:<\/p>\n<p>a). no ha sido convicto de alguna felon\u00eda;<\/p>\n<p>b). no sido convicto de algun delito relacionado a drogas, violencia, o abuso sexual, aunque sea un delito menor; y<\/p>\n<p>c). no ha sido convicto de mas de tres delitos menores.<\/p>\n<p>3. establecer que la deportaci\u00f3n del aplicante a su pa\u00eds le causar\u00eda gran sufrimiento al aplicante, y si tiene familiares inmediatos en este pa\u00eds, a su c\u00f3nyugue, padres, o hijos que sean ciudadanos, o que tengan mica. Para muchos de los aplicantes para NACARA, el sufrimiento se supone.<\/p>\n<\/div>\n<div class=\"textblock\">\n<p><strong>NOTA<\/strong>: bajo ciertas circunstancias, el c\u00f3nyugue, los hijos solteros y que sean menores de 21 a\u00f1os del aplicante principal&#8211;si los tiene&#8211;podr\u00edan ser elegibles para una mica bajo NACARA sin tener que cumplir con todos los requisitos de este programa. Adem\u00e1s, hijos del aplicante principal que tengan mas de 21 a\u00f1os cuando el aplicante principal reciba una mica bajo NACARA tambi\u00e9n podr\u00edan ser elegibles para una mica bajo NACARA si entraron a este pa\u00eds antes de Octubre 21, 1990.<\/p>\n<\/div>\n<div class=\"textblock\">\n<h3>PARA APLICAR PARA UNA MICA BAJO NACARA, SE NECESITA LA AYUDA DE UN ABOGADO<\/h3>\n<p><strong>ADVERTENCIA: <\/strong>si alg\u00fan aplicante para NACARA ha tenido alg\u00fan encuentro con la ley o con el INS\/DHS, podr\u00eda ser puesto en un proceso de deportaci\u00f3n\/remoci\u00f3n. Debido a que esos proceson podr\u00edan terminar en la emisi\u00f3n de una orden de deportaci\u00f3n\/ remoci\u00f3n contra el aplicante, si Ud. cree que califica para un mica bajo NACARA y desea aplicar para lo mismo pero ha tenido alg\u00fan encuentro con la ley o con el INS\/DHS, antes de aplicar es de suma importancia que consulte con un abogado de inmigraci\u00f3n que sea bien experimentado, como el Lic. Jesse J. Ba\u00f1uelos. Debido a que es trabajador y tenaz, el Lic. Ba\u00f1uelos ha estado resolviendo\u00a0<strong><a href=\"http:\/\/jessejbanuelos.com\/es\/our-victory\/\">exitosamente<\/a><\/strong>\u00a0problemas dif\u00edciles de inmigraci\u00f3n, y ha estado ganando casos dif\u00edciles de deportaci\u00f3n y de remoci\u00f3n\u00a0<strong><a href=\"http:\/\/jessejbanuelos.com\/es\/mr-banuelos-profile\/\">por mas de 20 a\u00f1os<\/a><\/strong>.<\/p>\n<\/div>\n","protected":false},"excerpt":{"rendered":"<p>LIC. JESSE J. BA\u00d1UELOS, ABOGADO DE INMIGRACI\u00d3N DE LOS ANGELES MICAS POR MEDIO DE NACARA Todos los aplicantes que sean elegibles para los beneficios bajo NACARA ser\u00e1n elegibles para un permiso de trabajo mientras que su petici\u00f3n este pendiente. Adem\u00e1s, a todos los aplicantes aprobados se les otorgar\u00e1 suspensi\u00f3n de deportaci\u00f3n que los pondr\u00e1 en &hellip; <a href=\"http:\/\/jessejbanuelos.com\/es\/green-card-through-nacara\/\" class=\"more-link\">Continue reading <span class=\"screen-reader-text\">mica por medio de nacara<\/span><\/a><\/p>\n","protected":false},"author":1,"featured_media":1367,"parent":0,"menu_order":0,"comment_status":"closed","ping_status":"closed","template":"fullpage.php","meta":{"_monsterinsights_skip_tracking":false,"_monsterinsights_sitenote_active":false,"_monsterinsights_sitenote_note":"","_monsterinsights_sitenote_category":0,"_uf_show_specific_survey":0,"_uf_disable_surveys":false,"iawp_total_views":318,"footnotes":""},"class_list":["post-126","page","type-page","status-publish","has-post-thumbnail","hentry"],"translation":{"provider":"WPGlobus","version":"3.0.2","language":"es","enabled_languages":["en","es"],"languages":{"en":{"title":true,"content":true,"excerpt":false},"es":{"title":true,"content":true,"excerpt":false}}},"aioseo_notices":[],"_links":{"self":[{"href":"http:\/\/jessejbanuelos.com\/es\/wp-json\/wp\/v2\/pages\/126","targetHints":{"allow":["GET"]}}],"collection":[{"href":"http:\/\/jessejbanuelos.com\/es\/wp-json\/wp\/v2\/pages"}],"about":[{"href":"http:\/\/jessejbanuelos.com\/es\/wp-json\/wp\/v2\/types\/page"}],"author":[{"embeddable":true,"href":"http:\/\/jessejbanuelos.com\/es\/wp-json\/wp\/v2\/users\/1"}],"replies":[{"embeddable":true,"href":"http:\/\/jessejbanuelos.com\/es\/wp-json\/wp\/v2\/comments?post=126"}],"version-history":[{"count":0,"href":"http:\/\/jessejbanuelos.com\/es\/wp-json\/wp\/v2\/pages\/126\/revisions"}],"wp:featuredmedia":[{"embeddable":true,"href":"http:\/\/jessejbanuelos.com\/es\/wp-json\/wp\/v2\/media\/1367"}],"wp:attachment":[{"href":"http:\/\/jessejbanuelos.com\/es\/wp-json\/wp\/v2\/media?parent=126"}],"curies":[{"name":"wp","href":"https:\/\/api.w.org\/{rel}","templated":true}]}}