{"id":117,"date":"2016-02-12T07:32:39","date_gmt":"2016-02-12T07:32:39","guid":{"rendered":"http:\/\/jessejbanuelos.com\/?page_id=117"},"modified":"2017-11-01T03:42:08","modified_gmt":"2017-11-01T03:42:08","slug":"green-card-for-abuse-victim","status":"publish","type":"page","link":"http:\/\/jessejbanuelos.com\/es\/green-card-for-abuse-victim\/","title":{"rendered":"mica por ser v\u00edctima de abuso"},"content":{"rendered":"<h2>LIC. JESSE J. BA\u00d1UELOS, ABOGADO DE INMIGRACI\u00d3N DE LOS ANGELES<\/h2>\n<div class=\"textblock\">\n<h3>MICA POR SER V\u00cdCTIMA DE VIOLENCIA DOM\u00c9STICA<\/h3>\n<p>El programa VAWA [violencia contra la mujer] permite que apliquen por si mismos para residencia permanente legal en este pa\u00eds (una mica) toda persona que sea un c\u00f3nyuge\/hijo menor de un residente permanente legal\/ciudadano de este pa\u00eds, o que es un padre de un hijo adulto ciudadano que ha sufrido maltrato por parte de estos mismos.<\/p>\n<\/div>\n<div class=\"textblock\">\n<h3>BENEFICIOS DISPONIBLES BAJO ESTE PROGRAMA<\/h3>\n<ul>\n<li><i class=\"fa fa-caret-right\"><\/i>un permiso de trabajo mientras que la petici\u00f3n para residencia permanente este pendiente;<\/li>\n<li><i class=\"fa fa-caret-right\"><\/i>protecci\u00f3n contra deportaci\u00f3n o remoci\u00f3n y permiso para vivir en este pa\u00eds legalmente mientras que la petici\u00f3n este pendiente;<\/li>\n<li><i class=\"fa fa-caret-right\"><\/i>atenci\u00f3n m\u00e9dica gratis y otros beneficios del gobierno tales como dinero y cupones o estampillas de comida, mientras que la peticion este pendiente; y<\/li>\n<li><i class=\"fa fa-caret-right\"><\/i>obtener su residencia permanente legal sin la ayuda del c\u00f3nyuge\/padre, o hijo ciudadano que lo maltrat\u00f3.<\/li>\n<\/ul>\n<\/div>\n<div class=\"textblock\">\n<h3>REQUISITOS QUE SE TIENEN QUE CUMPLIR PARA SER ELEGIBLE PARA ESTE PROGRAMA<\/h3>\n<p>1. Viva en este pa\u00eds al presente (excepto en casos de circunstancias especiales);<br \/>\n2. Haya vivido con su c\u00f3nyuge por alg\u00fan tiempo sin importar si fu\u00e9 en este pa\u00eds, o fuera;<br \/>\n3. Su c\u00f3nyuge la maltrat\u00f3 a Ud. o a sus hijos durante su matrimonio;<br \/>\n4. Su c\u00f3nyuge es ciudadano Americano o tiene mica. Si su c\u00f3nyuge ten\u00eda mica pero lo deportaron por haberla maltratado, Ud. aun puede tener derecho a participar en el programa. Si se divorci\u00f3 recientemente debido al maltrato que recib\u00eda, tambi\u00e9n es posible que califique para este programa;<br \/>\n5.El matrimonio con su c\u00f3nyuge fu\u00e9 por amor y no por inter\u00e9s a los papeles;<br \/>\n6. El maltrato de un c\u00f3nyuge contra otro puede manifestarse de varias formas;<br \/>\na). \u00bfSu c\u00f3nyuge amenaza con golpear a Ud. o a sus hijos o asusta a Ud. o a sus hijos?<br \/>\nb). La violencia es f\u00edsica? Por ejemplo, si su c\u00f3nyuge le pega, le da de pu\u00f1etazos, le da bofetadas, le da puntapi\u00e9s, la empuja o lastima a Ud. o a sus hijos de alguna otra manera;<br \/>\nc). \u00bfHay abuso emocional? Por ejemplo le insulta a Ud. o a sus hijos en la casa o en p\u00fablico;<br \/>\nd). \u00bfSu c\u00f3nyuge le obliga a tener relaciones sexuales cuando Ud. no quiere?<br \/>\ne). \u00bfSu c\u00f3nyuge amenaza con quitarle a los ni\u00f1os o con lastimarlos?<br \/>\nf). \u00bfSu c\u00f3nyuge le amenaza con denunciarla\/o a las autoridades de inmigraci\u00f3n? y<br \/>\ng). \u00bfSu c\u00f3nyuge controla todas sus salidas, todo lo que hace y con qui\u00e9n sale?<\/p>\n<\/div>\n<div class=\"lead\">\n<p>Si su respuesta a, por lo menos, una de estas preguntas fue &#8220;si&#8221;, Ud. ha sido v\u00edctima de maltrato que le podr\u00eda calificar para este programa:<\/p>\n<\/div>\n<div class=\"textblock\">\n<p>1. Los hijos menores de una v\u00edctima de maltrato tambi\u00e9n pueden ser incluidos en una petici\u00f3n para este programa, hayan sido o no v\u00edctimas del abuso. Si los hijos menores tambi\u00e9n han sido maltratados, ellos pueden aplicar por su cuenta; y<br \/>\n2. Padres que han sido maltratados por sus hijos adultos, ciudadanos tambi\u00e9n pueden calificar para este programa.<\/p>\n<\/div>\n<div class=\"textblock\">\n<h3>RESUMEN: COMO CONSEGUIR UNA MICA COMO V\u00cdCTIMA DE VIOLENCIA DOM\u00c9STICA<\/h3>\n<\/div>\n<div class=\"textblock\">\n<p>1.Vivir en este pa\u00eds;<br \/>\n2. Haber vivido con su c\u00f3nyuge\/padre\/hijo adulto ciudadano por un tiempo ya sea en este pa\u00eds o fuera de el;<br \/>\n3. Ha sido v\u00edctima de maltrato por parte de su c\u00f3nyuge o padre que es residente permanente\/ciudadano de este pa\u00eds, o de un hijo adulto ciudadano; y<br \/>\n4. El matrimonio con su c\u00f3nyuge fu\u00e9 por amor y no por inter\u00e9s a los papeles.<\/p>\n<\/div>\n<div class=\"textblock\">\n<h3>PARA SOMETER UNA PETICI\u00d3N PARA UNA U VISA, SE NECESITA AYUDA DE ABOGADO<\/h3>\n<p>El proceso de aplicar para una mica bajo este programa es muy complicado. Por eso si Ud. es una v\u00edctima de violencia dom\u00e9stica y desea aplicar para este beneficio es necesario que lo haga con la ayuda de un abogado de inmigraci\u00f3n que sea bien experimentado, como el Lic. Jesse J. Ba\u00f1uelos. Debido a que es trabajador y tenaz, el Lic. Ba\u00f1uelos ha estado resolviendo\u00a0<strong><a href=\"http:\/\/jessejbanuelos.com\/es\/our-victory\/\">exitosamente<\/a><\/strong>\u00a0problemas dif\u00edciles de inmigraci\u00f3n, y ha estado ganando casos dif\u00edciles de deportaci\u00f3n y de remoci\u00f3n\u00a0<strong><a href=\"http:\/\/jessejbanuelos.com\/es\/mr-banuelos-profile\/\">por mas de 20 a\u00f1os<\/a><\/strong>.<\/p>\n<\/div>\n","protected":false},"excerpt":{"rendered":"<p>LIC. JESSE J. BA\u00d1UELOS, ABOGADO DE INMIGRACI\u00d3N DE LOS ANGELES MICA POR SER V\u00cdCTIMA DE VIOLENCIA DOM\u00c9STICA El programa VAWA [violencia contra la mujer] permite que apliquen por si mismos para residencia permanente legal en este pa\u00eds (una mica) toda persona que sea un c\u00f3nyuge\/hijo menor de un residente permanente legal\/ciudadano de este pa\u00eds, o &hellip; <a href=\"http:\/\/jessejbanuelos.com\/es\/green-card-for-abuse-victim\/\" class=\"more-link\">Continue reading <span class=\"screen-reader-text\">mica por ser v\u00edctima de abuso<\/span><\/a><\/p>\n","protected":false},"author":1,"featured_media":1367,"parent":0,"menu_order":0,"comment_status":"closed","ping_status":"closed","template":"fullpage.php","meta":{"_monsterinsights_skip_tracking":false,"_monsterinsights_sitenote_active":false,"_monsterinsights_sitenote_note":"","_monsterinsights_sitenote_category":0,"_uf_show_specific_survey":0,"_uf_disable_surveys":false,"iawp_total_views":162,"footnotes":""},"class_list":["post-117","page","type-page","status-publish","has-post-thumbnail","hentry"],"translation":{"provider":"WPGlobus","version":"3.0.2","language":"es","enabled_languages":["en","es"],"languages":{"en":{"title":true,"content":true,"excerpt":false},"es":{"title":true,"content":true,"excerpt":false}}},"aioseo_notices":[],"_links":{"self":[{"href":"http:\/\/jessejbanuelos.com\/es\/wp-json\/wp\/v2\/pages\/117","targetHints":{"allow":["GET"]}}],"collection":[{"href":"http:\/\/jessejbanuelos.com\/es\/wp-json\/wp\/v2\/pages"}],"about":[{"href":"http:\/\/jessejbanuelos.com\/es\/wp-json\/wp\/v2\/types\/page"}],"author":[{"embeddable":true,"href":"http:\/\/jessejbanuelos.com\/es\/wp-json\/wp\/v2\/users\/1"}],"replies":[{"embeddable":true,"href":"http:\/\/jessejbanuelos.com\/es\/wp-json\/wp\/v2\/comments?post=117"}],"version-history":[{"count":0,"href":"http:\/\/jessejbanuelos.com\/es\/wp-json\/wp\/v2\/pages\/117\/revisions"}],"wp:featuredmedia":[{"embeddable":true,"href":"http:\/\/jessejbanuelos.com\/es\/wp-json\/wp\/v2\/media\/1367"}],"wp:attachment":[{"href":"http:\/\/jessejbanuelos.com\/es\/wp-json\/wp\/v2\/media?parent=117"}],"curies":[{"name":"wp","href":"https:\/\/api.w.org\/{rel}","templated":true}]}}