{"id":114,"date":"2016-02-12T07:31:55","date_gmt":"2016-02-12T07:31:55","guid":{"rendered":"http:\/\/jessejbanuelos.com\/?page_id=114"},"modified":"2017-11-02T05:59:35","modified_gmt":"2017-11-02T05:59:35","slug":"green-card-through-family","status":"publish","type":"page","link":"http:\/\/jessejbanuelos.com\/es\/green-card-through-family\/","title":{"rendered":"mica por medio de familia"},"content":{"rendered":"<h2>Lic. Jesse J. Ba\u00f1uelos, Abogado de Inmigraci\u00f3n de Los Angeles<\/h2>\n<div class=\"textblock\">\n<h3>MICA POR MEDIO DE UN FAMILIAR<\/h3>\n<p>Un residente permanente legal es un extranjero a quien se le ha concedido el privilegio de vivir y trabajar permanentemente en este pa\u00eds (una mica). Las leyes de inmigraci\u00f3n ofrecen varios caminos para obtener el estatus de residente permanente legal, incluyendo por medio de ciertas clases de empleo; por una profesi\u00f3n avanzada; por un t\u00edtulo de escuela avanzado o cient\u00edfico; por una abilidad art\u00edstica o atl\u00e9tica especial; por peticiones bajo <strong><a href=\"http:\/\/jessejbanuelos.com\/es\/green-card-through-nacara\/\">NACARA<\/a><\/strong>; por peticiones para <strong><a href=\"http:\/\/jessejbanuelos.com\/es\/u-visa-for-crime-victim\/\">U-visas para las v\u00edctimas<\/a><\/strong> de cr\u00edmenes; por peticiones para <strong><a href=\"http:\/\/jessejbanuelos.com\/es\/green-card-for-abuse-victim\/\">v\u00edctimas de abuso<\/a> <\/strong>dom\u00e9stico; por peticiones familiares, etc. Para las peticiones familiares existen dos caminos, el ajuste de estatus y el proceso consular. El ajuste de estatus es el proceso bajo el cual una persona que se encuentra en este pa\u00eds puede aplicar, <strong><u>en ciertos casos<\/u><\/strong>, para residente permanente legal sin tener que salir del pa\u00eds. El proceso consular es un proceso bajo el cual un individuo que este fuera de este pa\u00eds (o que se encuentra en este pa\u00eds pero no es elegible para ajuste de estatus) obtenga una visa de emigrante en el consulado de su pa\u00eds la cual le permitir\u00e1 entrar a este pa\u00eds como residente permanente legal.<\/p>\n<\/div>\n<div class=\"textblock\">\n<h3>UN CIUDADANO AMERICANO\/RESIDENTE PERMANENTE LEGAL PUEDE PEDIR A VARIOS FAMILIARES EXTRANJEROS<\/h3>\n<\/div>\n<div class=\"lead\">\n<p>Para presenter una petici\u00f3n para que un familiar pueda emigrar a este pa\u00eds el peticionario debe cumplir con los siguientes requisitos:<\/p>\n<\/div>\n<div class=\"textblock\">\n<p>1. tiene que ser ciudadano\/residente permanente legal de este pa\u00eds; y<br \/>\n2. tiene que cumplir con ciertos requisitos de ingresos para demostrar que podr\u00eda mantener econ\u00f3micamente a su familiar si el familiar emigrara a este pa\u00eds, y si ya estando aqu\u00ed el familiar no fuera capaz de mantenerse. Si el peticionario no puede cumplir con esos requisitos, entonces tendr\u00eda que encontrar un co-patrocinador que pueda.<\/p>\n<\/div>\n<div class=\"lead\">\n<p>Un ciudadano puede pedir a los siguientes familiares extranjeros:<\/p>\n<\/div>\n<div class=\"textblock\">\n<p>1. esposo\/esposa;<br \/>\n2. hijo\/hija soltero\/a o casado\/a de cualquier edad;<br \/>\n3. hijastro\/hijastro soltero\/a o casado\/a de cualquier edad, si el matrimonio que cri\u00f3 esa relaci\u00f3n ocurri\u00f3 antes de que el\/la hijastro\/hijastra cumpliera 18 a\u00f1os de edad;<br \/>\n4. hermano\/hermana\/medio hermano\/media hermana, si el ciudadano tiene 21 a\u00f1os de edad;<br \/>\n5. padre\/madre, si el ciudadano tiene 21 a\u00f1os de edad; y<br \/>\n6. padrastro\/madrastra, si el ciudadano tiene 21 a\u00f1os de edad y si el matrimonio que cri\u00f3 esa relaci\u00f3n ocurri\u00f3 antes de que el\/la hijastro\/hijastra cumpliera 18 a\u00f1os de edad.<\/p>\n<\/div>\n<div class=\"lead\">\n<p>Un residente permanente legal puede pedir a los siguientes familiares extranjeros:<\/p>\n<\/div>\n<div class=\"textblock\">\n<p>1. esposo\/esposa;<br \/>\n2. un hijo\/hija soltero\/a de cualquier edad; y<br \/>\n3. un hijastro\/hijastra soltero\/a de cualquier edad, si el matrimonio que cri\u00f3 esa relaci\u00f3n ocurri\u00f3 antes de que el hijastro\/hijastra cumpliera 18 a\u00f1os de edad.<\/p>\n<\/div>\n<div class=\"textblock\">\n<h3>SI UD. QUIERE SABER SI ES ELEGIBLE PARA APLICAR PARA UNA MICA SIN TENER QUE SALIR DEL PA\u00cdS, HAGA FAVOR DE LLAMAR A NUESTRA OFICINA<\/h3>\n<p>Muchos extranjeros que viven en este pa\u00eds podr\u00edan conseguir una mica si aplicaran para ajuste de estatus por un familiar, por medio de TPS, etc., pero no lo saben. Si Ud. vive en este pa\u00eds y existe alg\u00fan modo legal para que Ud. aplique para ajuste de estatus por un familiar, porque tiene o tuvo estatus de TPS, o alguna otra manera, el Lic. Ba\u00f1uelos lo encontrar\u00e1. Debido a que es trabajador y tenaz, el Lic. Ba\u00f1uelos ha estado resolviendo\u00a0<strong><a href=\"http:\/\/jessejbanuelos.com\/es\/our-victory\/\">exitosamente<\/a><\/strong>\u00a0problemas dif\u00edciles de inmigraci\u00f3n, y ha estado ganando casos dif\u00edciles de deportaci\u00f3n y de remoci\u00f3n\u00a0<strong><a href=\"http:\/\/jessejbanuelos.com\/es\/mr-banuelos-profile\/\">por mas de 20 a\u00f1os<\/a><\/strong>.<\/p>\n<\/div>\n","protected":false},"excerpt":{"rendered":"<p>Lic. Jesse J. Ba\u00f1uelos, Abogado de Inmigraci\u00f3n de Los Angeles MICA POR MEDIO DE UN FAMILIAR Un residente permanente legal es un extranjero a quien se le ha concedido el privilegio de vivir y trabajar permanentemente en este pa\u00eds (una mica). Las leyes de inmigraci\u00f3n ofrecen varios caminos para obtener el estatus de residente permanente &hellip; <a href=\"http:\/\/jessejbanuelos.com\/es\/green-card-through-family\/\" class=\"more-link\">Continue reading <span class=\"screen-reader-text\">mica por medio de familia<\/span><\/a><\/p>\n","protected":false},"author":1,"featured_media":1367,"parent":0,"menu_order":0,"comment_status":"closed","ping_status":"closed","template":"fullpage.php","meta":{"_monsterinsights_skip_tracking":false,"_monsterinsights_sitenote_active":false,"_monsterinsights_sitenote_note":"","_monsterinsights_sitenote_category":0,"_uf_show_specific_survey":0,"_uf_disable_surveys":false,"iawp_total_views":496,"footnotes":""},"class_list":["post-114","page","type-page","status-publish","has-post-thumbnail","hentry"],"translation":{"provider":"WPGlobus","version":"3.0.2","language":"es","enabled_languages":["en","es"],"languages":{"en":{"title":true,"content":true,"excerpt":false},"es":{"title":true,"content":true,"excerpt":false}}},"aioseo_notices":[],"_links":{"self":[{"href":"http:\/\/jessejbanuelos.com\/es\/wp-json\/wp\/v2\/pages\/114","targetHints":{"allow":["GET"]}}],"collection":[{"href":"http:\/\/jessejbanuelos.com\/es\/wp-json\/wp\/v2\/pages"}],"about":[{"href":"http:\/\/jessejbanuelos.com\/es\/wp-json\/wp\/v2\/types\/page"}],"author":[{"embeddable":true,"href":"http:\/\/jessejbanuelos.com\/es\/wp-json\/wp\/v2\/users\/1"}],"replies":[{"embeddable":true,"href":"http:\/\/jessejbanuelos.com\/es\/wp-json\/wp\/v2\/comments?post=114"}],"version-history":[{"count":0,"href":"http:\/\/jessejbanuelos.com\/es\/wp-json\/wp\/v2\/pages\/114\/revisions"}],"wp:featuredmedia":[{"embeddable":true,"href":"http:\/\/jessejbanuelos.com\/es\/wp-json\/wp\/v2\/media\/1367"}],"wp:attachment":[{"href":"http:\/\/jessejbanuelos.com\/es\/wp-json\/wp\/v2\/media?parent=114"}],"curies":[{"name":"wp","href":"https:\/\/api.w.org\/{rel}","templated":true}]}}