{"id":102,"date":"2016-02-12T07:18:09","date_gmt":"2016-02-12T07:18:09","guid":{"rendered":"http:\/\/jessejbanuelos.com\/?page_id=102"},"modified":"2018-04-11T06:07:57","modified_gmt":"2018-04-11T06:07:57","slug":"frequently-asked-questions","status":"publish","type":"page","link":"http:\/\/jessejbanuelos.com\/es\/frequently-asked-questions\/","title":{"rendered":"preguntas frecuentes"},"content":{"rendered":"<h2>Lic. Jesse J. Ba\u00f1uelos, Abogado de Los Angeles Para Accidentes<\/h2>\n<div class=\"textblock\">\n<h3>LUCHANDO POR LOS DERECHOS DE PERSONAS ACCIDENTADAS<\/h3>\n<\/div>\n<div class=\"textblock\">\n<h3>PREGUNTAS FRECUENTES<\/h3>\n<\/div>\n<div class=\"lead\">\n<p>\u00bfPuede alguien que se lesiona en un accidente presentar un reclamo de compensaci\u00f3n, aunque no tenga papeles?<\/p>\n<\/div>\n<div class=\"textblock\">\n<p>S\u00ed. Si Ud. se lesiona en un accidente, ya sea <strong><a href=\"http:\/\/jessejbanuelos.com\/es\/auto-accident\/\">accidente de auto<\/a><\/strong>, <a href=\"http:\/\/jessejbanuelos.com\/es\/pedestrian-accident\/\"><strong>accidente de<\/strong> <strong>peat\u00f3n<\/strong><\/a>,<strong> <a href=\"http:\/\/jessejbanuelos.com\/es\/bicycle-accident\/\">accidente de bicicleta<\/a><\/strong>, <strong><a href=\"http:\/\/jessejbanuelos.com\/es\/motorcycle-accident\/\">accidente de motocicleta<\/a><\/strong>, etc., su estatus migratorio en este pa\u00eds no importa porque Ud. tiene el mismo derecho de presentar un reclamo de indemnizaci\u00f3n por sus lesiones y por sus da\u00f1os y perjuicios, como cualquier ciudadano Americano, en contra del partido que es responsable del accidente.<\/p>\n<\/div>\n<div class=\"lead\">\n<p>\u00bfPuede alguien que se lesion\u00f3 en un accidente mientras conduc\u00eda un autom\u00f3vil presentar una reclamo de indemnizaci\u00f3n a pesar de que ese veh\u00edculo no ten\u00eda seguro en el momento del accidente?<\/p>\n<\/div>\n<div class=\"textblock\">\n<p>S\u00ed. Aunque la ley de California requiere que todos los veh\u00edculos en la carretera deben de estar asegurados por una p\u00f3liza de seguro de responsabilidad civil, si Ud. se lesiona en un accidente durante la conducci\u00f3n de un auto y el auto no tiene seguro, Ud. a\u00fan tiene el derecho de presentar una reclamo de indemnizaci\u00f3n contra el partido que es responsable del accidente.<\/p>\n<\/div>\n<div class=\"lead\">\n<p>\u00bfPuede alguien que se lesion\u00f3 en un accidente y retiene a un abogado para presentar un reclamo de indemnizaci\u00f3n, pero no esta conforme o satisfecho con que ese abogado, llevar su caso a otro abogado?<\/p>\n<\/div>\n<div class=\"textblock\">\n<p>S\u00ed. Si Ud. retiene a un abogado para manejar un caso de accidente, Ud. puede cambiar de abogado en cualquier momento, por cualquier raz\u00f3n, o por ninguna raz\u00f3n.<\/p>\n<\/div>\n<div class=\"lead\">\n<p>Si alguien se lesion\u00f3 en un accidente y quiere contratar a un abogado para presentar una demanda de indemnizaci\u00f3n, va a tener que pagarle a ese abogado para que tome el caso?<\/p>\n<\/div>\n<div class=\"textblock\">\n<p>Por lo general, no. La mayor\u00eda de los abogados en California que manejan casos de accidentes, cobran una comisi\u00f3n. O sea que tienen derecho a exigir pago por sus servicios solo si obtienen alguna compensaci\u00f3n para su cliente. Eso es exactamente lo que hacemos en nuestra oficina. Si Ud. contratara a nuestra oficina para manejar su caso de accidente, y si no recuperamos nada para Ud., no nos debe nada.<\/p>\n<\/div>\n<p><strong>\u00bfNecesito un abogado para manejar un caso de accidente de auto para m\u00ed si el conductor ha admitido culpa y su aseguranza me ha prometido que se va a encargar de todo?<\/strong><\/p>\n<div class=\"textblock\">\n<p>S\u00ed. Bajo la ley, la aseguranza del otro conductor solamente tiene obligaci\u00f3n de proteger el interes de ese conductor. Por lo tanto, no le va a dar a Ud. toda la compensaci\u00f3n que tiene derecho a recibir bajo la ley porque no lo tiene que hacer. \u00a0Por otra parte, ya que la mayor\u00eda de la gente no tiene el conocimiento ni la experiencia necesaria para tratar con una compa\u00f1\u00eda de aseguranza, sin un abogado, Ud. no va a conseguir toda la compensaci\u00f3n que tiene derecho a recibir.<\/p>\n<\/div>\n","protected":false},"excerpt":{"rendered":"<p>Lic. Jesse J. Ba\u00f1uelos, Abogado de Los Angeles Para Accidentes LUCHANDO POR LOS DERECHOS DE PERSONAS ACCIDENTADAS PREGUNTAS FRECUENTES \u00bfPuede alguien que se lesiona en un accidente presentar un reclamo de compensaci\u00f3n, aunque no tenga papeles? S\u00ed. Si Ud. se lesiona en un accidente, ya sea accidente de auto, accidente de peat\u00f3n, accidente de bicicleta, &hellip; <a href=\"http:\/\/jessejbanuelos.com\/es\/frequently-asked-questions\/\" class=\"more-link\">Continue reading <span class=\"screen-reader-text\">preguntas frecuentes<\/span><\/a><\/p>\n","protected":false},"author":1,"featured_media":1355,"parent":0,"menu_order":0,"comment_status":"closed","ping_status":"closed","template":"fullpage.php","meta":{"_monsterinsights_skip_tracking":false,"_monsterinsights_sitenote_active":false,"_monsterinsights_sitenote_note":"","_monsterinsights_sitenote_category":0,"_uf_show_specific_survey":0,"_uf_disable_surveys":false,"iawp_total_views":64,"footnotes":""},"class_list":["post-102","page","type-page","status-publish","has-post-thumbnail","hentry"],"translation":{"provider":"WPGlobus","version":"3.0.2","language":"es","enabled_languages":["en","es"],"languages":{"en":{"title":true,"content":true,"excerpt":false},"es":{"title":true,"content":true,"excerpt":false}}},"aioseo_notices":[],"_links":{"self":[{"href":"http:\/\/jessejbanuelos.com\/es\/wp-json\/wp\/v2\/pages\/102","targetHints":{"allow":["GET"]}}],"collection":[{"href":"http:\/\/jessejbanuelos.com\/es\/wp-json\/wp\/v2\/pages"}],"about":[{"href":"http:\/\/jessejbanuelos.com\/es\/wp-json\/wp\/v2\/types\/page"}],"author":[{"embeddable":true,"href":"http:\/\/jessejbanuelos.com\/es\/wp-json\/wp\/v2\/users\/1"}],"replies":[{"embeddable":true,"href":"http:\/\/jessejbanuelos.com\/es\/wp-json\/wp\/v2\/comments?post=102"}],"version-history":[{"count":0,"href":"http:\/\/jessejbanuelos.com\/es\/wp-json\/wp\/v2\/pages\/102\/revisions"}],"wp:featuredmedia":[{"embeddable":true,"href":"http:\/\/jessejbanuelos.com\/es\/wp-json\/wp\/v2\/media\/1355"}],"wp:attachment":[{"href":"http:\/\/jessejbanuelos.com\/es\/wp-json\/wp\/v2\/media?parent=102"}],"curies":[{"name":"wp","href":"https:\/\/api.w.org\/{rel}","templated":true}]}}